{"id":3403,"date":"2014-03-17T18:45:56","date_gmt":"2014-03-17T18:45:56","guid":{"rendered":"https:\/\/fseal.com\/produtos\/laminados-de-goma-para-juntas\/"},"modified":"2025-06-11T16:04:41","modified_gmt":"2025-06-11T19:04:41","slug":"laminados-de-borracha","status":"publish","type":"page","link":"https:\/\/fseal.com\/pt-br\/produtos-fseal\/laminados-de-borracha\/","title":{"rendered":"LAMINADOS DE BORRACHA"},"content":{"rendered":"<p>\n<style type=\"text\/css\" data-created_by=\"avia_inline_auto\" id=\"style-css-av-3cndyej-7748ae8f619c00c83b0e603dbc85cfa7\">\n.avia-section.av-3cndyej-7748ae8f619c00c83b0e603dbc85cfa7{\nbackground-repeat:no-repeat;\nbackground-image:url(https:\/\/fseal.com\/wp-content\/uploads\/2014\/03\/Juntas-de-Goma-1.jpg);\nbackground-position:50% 0%;\nbackground-attachment:fixed;\n}\n<\/style>\n<div id='av_section_1'  class='avia-section av-3cndyej-7748ae8f619c00c83b0e603dbc85cfa7 main_color avia-section-default avia-shadow  avia-builder-el-0  el_before_av_one_full  avia-builder-el-first  avia-bg-style-fixed container_wrap sidebar_right'  data-section-bg-repeat='no-repeat'><div class='container av-section-cont-open' ><main  role=\"main\" itemprop=\"mainContentOfPage\"  class='template-page content  av-content-small alpha units'><div class='post-entry post-entry-type-page post-entry-3403'><div class='entry-content-wrapper clearfix'><\/div><\/div><\/main><!-- close content main element --><\/div><\/div><div id='after_section_1'  class='main_color av_default_container_wrap container_wrap sidebar_right'  ><div class='container av-section-cont-open' ><div class='template-page content  av-content-small alpha units'><div class='post-entry post-entry-type-page post-entry-3403'><div class='entry-content-wrapper clearfix'><br \/>\n<div  class='flex_column av-bveay3-ee3a45eba4ae500e4d8f5a949e26f22a av_one_full  avia-builder-el-1  el_after_av_section  el_before_av_one_full  avia-builder-el-first  first flex_column_div  '     ><p>\n<style type=\"text\/css\" data-created_by=\"avia_inline_auto\" id=\"style-css-av-mbsbia3w-2c49493fae96268e1fc25a4333014696\">\n#top .av-special-heading.av-mbsbia3w-2c49493fae96268e1fc25a4333014696{\npadding-bottom:10px;\n}\nbody .av-special-heading.av-mbsbia3w-2c49493fae96268e1fc25a4333014696 .av-special-heading-tag .heading-char{\nfont-size:25px;\n}\n.av-special-heading.av-mbsbia3w-2c49493fae96268e1fc25a4333014696 .av-subheading{\nfont-size:15px;\n}\n<\/style>\n<div  class='av-special-heading av-mbsbia3w-2c49493fae96268e1fc25a4333014696 av-special-heading-h2  avia-builder-el-2  el_before_av_textblock  avia-builder-el-first '><h2 class='av-special-heading-tag '  itemprop=\"headline\"  >Laminados de Borracha<\/h2><div class=\"special-heading-border\"><div class=\"special-heading-inner-border\"><\/div><\/div><\/div><br \/>\n<section  class='av_textblock_section av-2lfevf-d133b049b9e214c408202a71c841cbb3 '   itemscope=\"itemscope\" itemtype=\"https:\/\/schema.org\/CreativeWork\" ><div class='avia_textblock'  itemprop=\"text\" ><p>Fabricamos juntas em uma ampla gama de borrachas para a ind\u00fastria.<br \/>\nTemos rolos de 1400 mm de largura, com os quais podemos fabricar juntas de grande di\u00e2metro em uma \u00fanica pe\u00e7a. <b><\/b><br \/>\nEnvie-nos sua especifica\u00e7\u00e3o e lhe ofereceremos o estilo mais adequado para sua necessidade. No caso de pe\u00e7as especiais, envie-nos seu plano ou desenho e faremos a nossa melhor oferta.<\/p>\n<\/div><\/section><\/p><\/div><div  class='flex_column av-38af0rf-50f424bba7cd21a0ece9970e7103cf87 av_one_full  avia-builder-el-4  el_after_av_one_full  el_before_av_one_full  first flex_column_div  column-top-margin'     ><p>\n<style type=\"text\/css\" data-created_by=\"avia_inline_auto\" id=\"style-css-av-36bhv6j-1050e8b17f314bde2b52396d93713e7c\">\n#top .av-special-heading.av-36bhv6j-1050e8b17f314bde2b52396d93713e7c{\npadding-bottom:10px;\n}\nbody .av-special-heading.av-36bhv6j-1050e8b17f314bde2b52396d93713e7c .av-special-heading-tag .heading-char{\nfont-size:25px;\n}\n.av-special-heading.av-36bhv6j-1050e8b17f314bde2b52396d93713e7c .av-subheading{\nfont-size:15px;\n}\n<\/style>\n<div  class='av-special-heading av-36bhv6j-1050e8b17f314bde2b52396d93713e7c av-special-heading-h3 meta-heading  avia-builder-el-5  el_before_av_textblock  avia-builder-el-first '><h3 class='av-special-heading-tag '  itemprop=\"headline\"  >Nitr\u00edlico<\/h3><div class=\"special-heading-border\"><div class=\"special-heading-inner-border\"><\/div><\/div><\/div><br \/>\n<section  class='av_textblock_section av-mb6yl8ut-ccff81c5abe03526263f8a420954a91f '   itemscope=\"itemscope\" itemtype=\"https:\/\/schema.org\/CreativeWork\" ><div class='avia_textblock'  itemprop=\"text\" ><p><strong style=\"line-height: 1.5em;\">Descri\u00e7\u00e3o<\/strong><br \/>\nNBR ou Borracha Nitr\u00edlica. S\u00e3o copol\u00edmeros de butadieno e acrilonitrilo. \u00c9 tamb\u00e9m conhecido como Buna-N.<\/p>\n<\/div><\/section><br \/>\n<section  class='av_textblock_section av-mb6ykt31-a93512e77e45b73dffdaf0b141f3fea9 '   itemscope=\"itemscope\" itemtype=\"https:\/\/schema.org\/CreativeWork\" ><div class='avia_textblock'  itemprop=\"text\" ><p><b>Propiedades<\/b><\/p>\n<ul>\n<li>Resist\u00eancia aos \u00f3leos.<\/li>\n<li>Campo de temperaturas: entre -30\u00baC e 120\u00baC.<\/li>\n<li>Boas propriedades mec\u00e2nicas, como tra\u00e7\u00e3o, compress\u00e3o, flex\u00e3o, e impermeabiliza\u00e7\u00e3o aos gases.<\/li>\n<li>Envelhecimento moderado.<\/li>\n<li>Boa ades\u00e3o ao a\u00e7o.<\/li>\n<li>Moderada resist\u00eancia ao frio, podendo-se conseguir -40\u00baC.<\/li>\n<li>Resist\u00eancia qu\u00edmica; boa resist\u00eancia aos produtos qu\u00edmicos inorg\u00e2nicos, exceto aos agentes antioxidantes e cloro. Frente aos hidrocarbonetos alif\u00e1ticos, sua resist\u00eancia \u00e9 muito satisfat\u00f3ria em geral, mas \u00e9 limitada frente aos arom\u00e1ticos.<\/li>\n<\/ul>\n<p><a href=\"https:\/\/fseal.com\/wp-content\/uploads\/2024\/06\/NBR_NB60130_05_24_SP.pdf\" target=\"_blank\" rel=\"noopener\"><img loading=\"lazy\" decoding=\"async\" class=\"alignleft wp-image-2688 size-full\" src=\"https:\/\/fseal.com\/wp-content\/uploads\/2013\/10\/pdf_icono.gif\" alt=\"Descargar PDF\" width=\"55\" height=\"55\" \/><\/a><br \/>\n<b>NB_60130<\/b><\/p>\n<\/div><\/section><\/p><\/div><br \/>\n<div  class='flex_column av-9d4rx7-7af2343c07635e0dabb90565f8df7256 av_one_full first flex_column_div  '     ><p>\n<style type=\"text\/css\" data-created_by=\"avia_inline_auto\" id=\"style-css-av-x6zln-986b727e36af46eba5eadb243fb85004\">\n#top .av-special-heading.av-x6zln-986b727e36af46eba5eadb243fb85004{\npadding-bottom:10px;\n}\nbody .av-special-heading.av-x6zln-986b727e36af46eba5eadb243fb85004 .av-special-heading-tag .heading-char{\nfont-size:25px;\n}\n.av-special-heading.av-x6zln-986b727e36af46eba5eadb243fb85004 .av-subheading{\nfont-size:15px;\n}\n<\/style>\n<div  class='av-special-heading av-x6zln-986b727e36af46eba5eadb243fb85004 av-special-heading-h3 meta-heading'><h3 class='av-special-heading-tag '  itemprop=\"headline\"  >Cloropreno<\/h3><div class=\"special-heading-border\"><div class=\"special-heading-inner-border\"><\/div><\/div><\/div><br \/>\n<section  class='av_textblock_section av-mb6yk591-87016572f3adf3393fad4cf8c6cb35e7 '   itemscope=\"itemscope\" itemtype=\"https:\/\/schema.org\/CreativeWork\" ><div class='avia_textblock'  itemprop=\"text\" ><p><b style=\"line-height: 1.5em;\">Descri\u00e7\u00e3o<\/b><br \/>\nCR ou BORRACHA DE POLICLOROPRENO (NEOPRENO\u00ae). \u00c9 um homopol\u00edmero de Clorobutadieno, ou Cloropreno.<\/p>\n<\/div><\/section><br \/>\n<section  class='av_textblock_section av-mb6yjaap-ab45165acb536099ff7a428c87f59ae5 '   itemscope=\"itemscope\" itemtype=\"https:\/\/schema.org\/CreativeWork\" ><div class='avia_textblock'  itemprop=\"text\" ><p><b>Propiedades<\/b><\/p>\n<ul>\n<li>Excelentes propriedades mec\u00e2nicas e de abras\u00e3o.<\/li>\n<li>Resili\u00eancia algo inferior ao NR, em vulcanizados de baixa dureza, mas superior a partir de durezas de 60\u00ba Shore A.<\/li>\n<li>Adequadamente protegido apresenta uma boa resist\u00eancia \u00e0 temperatura e ao oz\u00f4nio.<\/li>\n<li>Auto extingu\u00edvel. N\u00e3o propaga a chama.<\/li>\n<li>Boa ades\u00e3o ao metal.<\/li>\n<li>Campo de temperaturas: entre -25\u00ba e 125\u00baC.<\/li>\n<li>Alguns tipos apresentam tend\u00eancia \u00e0 cristaliza\u00e7\u00e3o a baixas temperaturas.<\/li>\n<li>Apresenta alguma absor\u00e7\u00e3o de H2O, a menos que seja formulado especialmente para esta aplica\u00e7\u00e3o.<\/li>\n<li>Resist\u00eancia qu\u00edmica; resistente a produtos qu\u00edmicos inorg\u00e2nicos exceto aos \u00e1cidos oxidantes e halog\u00eanios. N\u00e3o resiste \u00e0 maioria dos compostos org\u00e2nicos, exceto \u00e1lcoois. Moderada resist\u00eancia aos hidrocarbonetos alif\u00e1ticos.<\/li>\n<\/ul>\n<p><a href=\"https:\/\/fseal.com\/wp-content\/uploads\/2024\/06\/ficha-NE-70140.pdf\" target=\"_blank\" rel=\"noopener\"><img loading=\"lazy\" decoding=\"async\" class=\"alignleft wp-image-2688 size-full\" src=\"https:\/\/fseal.com\/wp-content\/uploads\/2013\/10\/pdf_icono.gif\" alt=\"Descargar PDF\" width=\"55\" height=\"55\" \/><\/a><br \/>\n<b>CR_NE70140<\/b><\/p>\n<\/div><\/section><\/p><\/div><br \/>\n<div  class='flex_column av-1z40kej-8abd3126397f106b3745b6cab1838f09 av_one_full first flex_column_div  '     ><p>\n<style type=\"text\/css\" data-created_by=\"avia_inline_auto\" id=\"style-css-av-1ws5vkb-f23cd4901c546b97f355df63decc948c\">\n#top .av-special-heading.av-1ws5vkb-f23cd4901c546b97f355df63decc948c{\npadding-bottom:10px;\n}\nbody .av-special-heading.av-1ws5vkb-f23cd4901c546b97f355df63decc948c .av-special-heading-tag .heading-char{\nfont-size:25px;\n}\n.av-special-heading.av-1ws5vkb-f23cd4901c546b97f355df63decc948c .av-subheading{\nfont-size:15px;\n}\n<\/style>\n<div  class='av-special-heading av-1ws5vkb-f23cd4901c546b97f355df63decc948c av-special-heading-h3 meta-heading'><h3 class='av-special-heading-tag '  itemprop=\"headline\"  >EPDM<\/h3><div class=\"special-heading-border\"><div class=\"special-heading-inner-border\"><\/div><\/div><\/div><br \/>\n<section  class='av_textblock_section av-mb6yi2es-5e02194bc763d426e366eaed26ea860b '   itemscope=\"itemscope\" itemtype=\"https:\/\/schema.org\/CreativeWork\" ><div class='avia_textblock'  itemprop=\"text\" ><p><b style=\"line-height: 1.5em;\">Descri\u00e7\u00e3o<\/b><br \/>\nEPM s\u00e3o copol\u00edmeros de Etileno e Propileno, e EPDM s\u00e3o termopol\u00edmeros de Etileno-propileno-dieno. Ambos conhecidos como Borracha de Etileno.<\/p>\n<\/div><\/section><br \/>\n<section  class='av_textblock_section av-mb6yilkk-2e2057f7e3ac5b9f2a62a337a6292614 '   itemscope=\"itemscope\" itemtype=\"https:\/\/schema.org\/CreativeWork\" ><div class='avia_textblock'  itemprop=\"text\" ><p><b>Propiedades<\/b><\/p>\n<ul>\n<li>Excelente resist\u00eancia ao envelhecimento, ao oz\u00f4nio e a numerosos produtos qu\u00edmicos corrosivos.<\/li>\n<li>Seu peso espec\u00edfico est\u00e1 entre os mais baixos das borrachas sint\u00e9ticas.<\/li>\n<li>Excelentes propriedades el\u00e9tricas e estabilidade na radia\u00e7\u00e3o.<\/li>\n<li>Campo de temperaturas: entre -45\u00baC e 120\u00ba C.<\/li>\n<li><span style=\"line-height: 1.5em;\">N\u00e3o resistem aos \u00f3leos e s\u00e3o atacados pelos hidrocarbonetos alif\u00e1ticos e arom\u00e1ticos e pelos solventes halog\u00eanios.<\/span><\/li>\n<li><span style=\"line-height: 1.5em;\">Pobre adesividade e moderada ades\u00e3o a metais e diferentes substratos.<\/span><\/li>\n<li><span style=\"line-height: 1.5em;\">Resist\u00eancia qu\u00edmica; resistem \u00e0 maioria dos produtos qu\u00edmicos inorg\u00e2nicos.<\/span><\/li>\n<li><span style=\"line-height: 1.5em;\"><span style=\"line-height: 1.5em;\">Limitada resist\u00eancia aos \u00e1cidos oxidantes, mas altamente resistentes aos \u00e1cidos minerais, \u00e1lcoois, detergentes, \u00e9teres fosf\u00f3ricos, cetonas. Bom resultado na presen\u00e7a de \u00e1gua quente e vapor a alta press\u00e3o.<\/span><\/span><\/li>\n<\/ul>\n<p><a href=\"https:\/\/fseal.com\/wp-content\/uploads\/2024\/06\/EPDM_EP65115_05_24_SP.pdf\" target=\"_blank\" rel=\"noopener\"><img loading=\"lazy\" decoding=\"async\" class=\"alignleft wp-image-2688 size-full\" src=\"https:\/\/fseal.com\/wp-content\/uploads\/2013\/10\/pdf_icono.gif\" alt=\"Descargar PDF\" width=\"55\" height=\"55\" \/><\/a><br \/>\n<b>EPDM_EP65115<\/b><\/p>\n<\/div><\/section><\/p><\/div><br \/>\n<div  class='flex_column av-1bba0m3-acf78f0685b13d92cf01e0637ae3302b av_one_full first flex_column_div  '     ><p>\n<style type=\"text\/css\" data-created_by=\"avia_inline_auto\" id=\"style-css-av-19dmq9n-f68e6a89e77e401beb193bd2705a2575\">\n#top .av-special-heading.av-19dmq9n-f68e6a89e77e401beb193bd2705a2575{\npadding-bottom:10px;\n}\nbody .av-special-heading.av-19dmq9n-f68e6a89e77e401beb193bd2705a2575 .av-special-heading-tag .heading-char{\nfont-size:25px;\n}\n.av-special-heading.av-19dmq9n-f68e6a89e77e401beb193bd2705a2575 .av-subheading{\nfont-size:15px;\n}\n<\/style>\n<div  class='av-special-heading av-19dmq9n-f68e6a89e77e401beb193bd2705a2575 av-special-heading-h3 meta-heading'><h3 class='av-special-heading-tag '  itemprop=\"headline\"  >VITON<\/h3><div class=\"special-heading-border\"><div class=\"special-heading-inner-border\"><\/div><\/div><\/div><br \/>\n<section  class='av_textblock_section av-mb6yhdvh-e5705338a60459e8ed1384c9441cb2b4 '   itemscope=\"itemscope\" itemtype=\"https:\/\/schema.org\/CreativeWork\" ><div class='avia_textblock'  itemprop=\"text\" ><p><b style=\"line-height: 1.5em;\">Descri\u00e7\u00e3o<\/b><br \/>\nVITON\u00ae ou Borrachas Fluorcarbonadas (ou FKM). \u00c9 um termopol\u00edmero de hexafluorpropileno, com fluoreto de vinilideno, tetrafluoroetileno e \u00e9ter de perfluor metilvinilo.<\/p>\n<\/div><\/section><br \/>\n<section  class='av_textblock_section av-mb6ygss9-62a83a10b22c7cc4db959768869ab86f '   itemscope=\"itemscope\" itemtype=\"https:\/\/schema.org\/CreativeWork\" ><div class='avia_textblock'  itemprop=\"text\" ><p><b>Propiedades<\/b><\/p>\n<ul>\n<li>Extraordin\u00e1ria resist\u00eancia \u00e0 temperatura. Em cont\u00ednuo at\u00e9 250\u00baC e intermitentemente at\u00e9 300\u00baC.<\/li>\n<li>Resist\u00eancia ao frio satisfat\u00f3ria (-30\u00baC\/-50\u00baC).<\/li>\n<li>S\u00e3o auto extingu\u00edveis e t\u00eam uma excelente resist\u00eancia ao oz\u00f4nio e \u00e0s intemp\u00e9ries.<\/li>\n<li>Excelente deforma\u00e7\u00e3o remanente \u00e0 compress\u00e3o a altas temperaturas.<\/li>\n<li>Resist\u00eancia qu\u00edmica; \u00e9 uma das borrachas sint\u00e9ticas mais resistentes aos hidrocarbonetos, tanto alif\u00e1ticos como arom\u00e1ticos e clorados. Excelente resist\u00eancia aos \u00e1cidos e \u00e1lcalis, inclusive oxidantes.<\/li>\n<li>Fraca resist\u00eancia aos \u00e9steres e cetonas.<\/li>\n<\/ul>\n<p><a href=\"https:\/\/fseal.com\/wp-content\/uploads\/2024\/06\/VITON_FPG72190_05_24_SP.pdf\" target=\"_blank\" rel=\"noopener\"><img loading=\"lazy\" decoding=\"async\" class=\"alignleft wp-image-2688 size-full\" src=\"https:\/\/fseal.com\/wp-content\/uploads\/2013\/10\/pdf_icono.gif\" alt=\"Descargar PDF\" width=\"55\" height=\"55\" \/><\/a><br \/>\n<b>VITON_FPG72190<\/b><\/p>\n<\/div><\/section><\/p><\/div><br \/>\n<div  class='flex_column av-nwi2yj-3a73e3052ba752928edb3d0a4bf88a3c av_one_full first flex_column_div  '     ><p>\n<style type=\"text\/css\" data-created_by=\"avia_inline_auto\" id=\"style-css-av-me2ujv-7839ec5ab8a6c6503e5258d8f191822d\">\n#top .av-special-heading.av-me2ujv-7839ec5ab8a6c6503e5258d8f191822d{\npadding-bottom:10px;\n}\nbody .av-special-heading.av-me2ujv-7839ec5ab8a6c6503e5258d8f191822d .av-special-heading-tag .heading-char{\nfont-size:25px;\n}\n.av-special-heading.av-me2ujv-7839ec5ab8a6c6503e5258d8f191822d .av-subheading{\nfont-size:15px;\n}\n<\/style>\n<div  class='av-special-heading av-me2ujv-7839ec5ab8a6c6503e5258d8f191822d av-special-heading-h3 meta-heading'><h3 class='av-special-heading-tag '  itemprop=\"headline\"  >Silicona<\/h3><div class=\"special-heading-border\"><div class=\"special-heading-inner-border\"><\/div><\/div><\/div><br \/>\n<section  class='av_textblock_section av-mb6yobpq-75cb97b298bd6d5cdf41a89d1e1699d3 '   itemscope=\"itemscope\" itemtype=\"https:\/\/schema.org\/CreativeWork\" ><div class='avia_textblock'  itemprop=\"text\" ><p><strong data-start=\"56\" data-end=\"69\">Descri\u00e7\u00e3o<\/strong><br data-start=\"69\" data-end=\"72\" \/>A <strong data-start=\"74\" data-end=\"86\">silicone<\/strong> \u00e9 uma borracha de grau aliment\u00edcio muito vers\u00e1til, com excelentes propriedades de resist\u00eancia qu\u00edmica e t\u00e9rmica.<\/p>\n<\/div><\/section><br \/>\n<section  class='av_textblock_section av-mb6yqcgc-a7893996da5dad29abb3e54f1ce9386d '   itemscope=\"itemscope\" itemtype=\"https:\/\/schema.org\/CreativeWork\" ><div class='avia_textblock'  itemprop=\"text\" ><p><b>Propiedades<\/b><\/p>\n<ul>\n<li>Muito boa resist\u00eancia \u00e0 temperatura, alcan\u00e7ando at\u00e9 200\u202f\u00b0C<\/li>\n<li>Excelente resist\u00eancia ao envelhecimento e ao oz\u00f4nio<\/li>\n<li>Excelente resist\u00eancia a \u00e1cidos e bases<\/li>\n<li>Certificada conforme o regulamento 1935\/2004 (CE) e FDA.<\/li>\n<\/ul>\n<p><a href=\"https:\/\/fseal.com\/wp-content\/uploads\/2024\/06\/SILICONA_60120_05_24_SP.pdf\" target=\"_blank\" rel=\"noopener\"><img loading=\"lazy\" decoding=\"async\" class=\"alignleft wp-image-2688 size-full\" src=\"https:\/\/fseal.com\/wp-content\/uploads\/2013\/10\/pdf_icono.gif\" alt=\"Descargar PDF\" width=\"55\" height=\"55\" \/><\/a><br \/>\n<b>SILICONA_60120<\/b><\/p>\n<\/div><\/section><\/p><\/div><\/p>\n","protected":false},"excerpt":{"rendered":"","protected":false},"author":6,"featured_media":0,"parent":6657,"menu_order":0,"comment_status":"closed","ping_status":"closed","template":"","meta":{"footnotes":""},"class_list":["post-3403","page","type-page","status-publish","hentry"],"yoast_head":"<!-- This site is optimized with the Yoast SEO plugin v27.3 - https:\/\/yoast.com\/product\/yoast-seo-wordpress\/ -->\n<title>LAMINADOS DE BORRACHA - Juntas FlexSeal<\/title>\n<meta name=\"description\" content=\"Fabricantes de productos para Sellado de Fluidos, Juntas para Bridas, Diel\u00e9ctricas, Kits de Aislamiento, Laminados de Goma, etc\" \/>\n<meta name=\"robots\" content=\"index, follow, max-snippet:-1, max-image-preview:large, max-video-preview:-1\" \/>\n<link rel=\"canonical\" href=\"https:\/\/fseal.com\/pt-br\/produtos-fseal\/laminados-de-borracha\/\" \/>\n<meta property=\"og:locale\" content=\"pt_BR\" \/>\n<meta property=\"og:type\" content=\"article\" \/>\n<meta property=\"og:title\" content=\"LAMINADOS DE BORRACHA - Juntas FlexSeal\" \/>\n<meta property=\"og:description\" content=\"Fabricantes de productos para Sellado de Fluidos, Juntas para Bridas, Diel\u00e9ctricas, Kits de Aislamiento, Laminados de Goma, etc\" \/>\n<meta property=\"og:url\" content=\"https:\/\/fseal.com\/pt-br\/produtos-fseal\/laminados-de-borracha\/\" \/>\n<meta property=\"og:site_name\" content=\"Juntas FlexSeal\" \/>\n<meta property=\"article:modified_time\" content=\"2025-06-11T19:04:41+00:00\" \/>\n<meta property=\"og:image\" content=\"http:\/\/fseal.com\/wp-content\/uploads\/2013\/10\/pdf_icono.gif\" \/>\n<meta name=\"twitter:label1\" content=\"Est. tempo de leitura\" \/>\n\t<meta name=\"twitter:data1\" content=\"4 minutos\" \/>\n<script type=\"application\/ld+json\" class=\"yoast-schema-graph\">{\"@context\":\"https:\\\/\\\/schema.org\",\"@graph\":[{\"@type\":\"WebPage\",\"@id\":\"https:\\\/\\\/fseal.com\\\/pt-br\\\/produtos-fseal\\\/laminados-de-borracha\\\/\",\"url\":\"https:\\\/\\\/fseal.com\\\/pt-br\\\/produtos-fseal\\\/laminados-de-borracha\\\/\",\"name\":\"LAMINADOS DE BORRACHA - Juntas FlexSeal\",\"isPartOf\":{\"@id\":\"https:\\\/\\\/fseal.com\\\/pt-br\\\/#website\"},\"primaryImageOfPage\":{\"@id\":\"https:\\\/\\\/fseal.com\\\/pt-br\\\/produtos-fseal\\\/laminados-de-borracha\\\/#primaryimage\"},\"image\":{\"@id\":\"https:\\\/\\\/fseal.com\\\/pt-br\\\/produtos-fseal\\\/laminados-de-borracha\\\/#primaryimage\"},\"thumbnailUrl\":\"https:\\\/\\\/fseal.com\\\/wp-content\\\/uploads\\\/2013\\\/10\\\/pdf_icono.gif\",\"datePublished\":\"2014-03-17T18:45:56+00:00\",\"dateModified\":\"2025-06-11T19:04:41+00:00\",\"description\":\"Fabricantes de productos para Sellado de Fluidos, Juntas para Bridas, Diel\u00e9ctricas, Kits de Aislamiento, Laminados de Goma, etc\",\"breadcrumb\":{\"@id\":\"https:\\\/\\\/fseal.com\\\/pt-br\\\/produtos-fseal\\\/laminados-de-borracha\\\/#breadcrumb\"},\"inLanguage\":\"pt-BR\",\"potentialAction\":[{\"@type\":\"ReadAction\",\"target\":[\"https:\\\/\\\/fseal.com\\\/pt-br\\\/produtos-fseal\\\/laminados-de-borracha\\\/\"]}]},{\"@type\":\"ImageObject\",\"inLanguage\":\"pt-BR\",\"@id\":\"https:\\\/\\\/fseal.com\\\/pt-br\\\/produtos-fseal\\\/laminados-de-borracha\\\/#primaryimage\",\"url\":\"https:\\\/\\\/fseal.com\\\/wp-content\\\/uploads\\\/2013\\\/10\\\/pdf_icono.gif\",\"contentUrl\":\"https:\\\/\\\/fseal.com\\\/wp-content\\\/uploads\\\/2013\\\/10\\\/pdf_icono.gif\"},{\"@type\":\"BreadcrumbList\",\"@id\":\"https:\\\/\\\/fseal.com\\\/pt-br\\\/produtos-fseal\\\/laminados-de-borracha\\\/#breadcrumb\",\"itemListElement\":[{\"@type\":\"ListItem\",\"position\":1,\"name\":\"Portada\",\"item\":\"https:\\\/\\\/fseal.com\\\/pt-br\\\/inicio\\\/\"},{\"@type\":\"ListItem\",\"position\":2,\"name\":\"Produtos\",\"item\":\"https:\\\/\\\/fseal.com\\\/pt-br\\\/produtos-fseal\\\/\"},{\"@type\":\"ListItem\",\"position\":3,\"name\":\"LAMINADOS DE BORRACHA\"}]},{\"@type\":\"WebSite\",\"@id\":\"https:\\\/\\\/fseal.com\\\/pt-br\\\/#website\",\"url\":\"https:\\\/\\\/fseal.com\\\/pt-br\\\/\",\"name\":\"Juntas FlexSeal\",\"description\":\"Fabricantes de productos para Sellado de Fluidos (Estanqueidad), Juntas para Bridas, Diel\u00e9ctricas, RTJ, FLEXPACK, Kits de Aislamiento, Teflon Expandido SEALON, Empaques Espiromet\u00e1licos :: Buenos Aires, Argentina\",\"potentialAction\":[{\"@type\":\"SearchAction\",\"target\":{\"@type\":\"EntryPoint\",\"urlTemplate\":\"https:\\\/\\\/fseal.com\\\/pt-br\\\/?s={search_term_string}\"},\"query-input\":{\"@type\":\"PropertyValueSpecification\",\"valueRequired\":true,\"valueName\":\"search_term_string\"}}],\"inLanguage\":\"pt-BR\"}]}<\/script>\n<!-- \/ Yoast SEO plugin. -->","yoast_head_json":{"title":"LAMINADOS DE BORRACHA - Juntas FlexSeal","description":"Fabricantes de productos para Sellado de Fluidos, Juntas para Bridas, Diel\u00e9ctricas, Kits de Aislamiento, Laminados de Goma, etc","robots":{"index":"index","follow":"follow","max-snippet":"max-snippet:-1","max-image-preview":"max-image-preview:large","max-video-preview":"max-video-preview:-1"},"canonical":"https:\/\/fseal.com\/pt-br\/produtos-fseal\/laminados-de-borracha\/","og_locale":"pt_BR","og_type":"article","og_title":"LAMINADOS DE BORRACHA - Juntas FlexSeal","og_description":"Fabricantes de productos para Sellado de Fluidos, Juntas para Bridas, Diel\u00e9ctricas, Kits de Aislamiento, Laminados de Goma, etc","og_url":"https:\/\/fseal.com\/pt-br\/produtos-fseal\/laminados-de-borracha\/","og_site_name":"Juntas FlexSeal","article_modified_time":"2025-06-11T19:04:41+00:00","og_image":[{"url":"http:\/\/fseal.com\/wp-content\/uploads\/2013\/10\/pdf_icono.gif","type":"","width":"","height":""}],"twitter_misc":{"Est. tempo de leitura":"4 minutos"},"schema":{"@context":"https:\/\/schema.org","@graph":[{"@type":"WebPage","@id":"https:\/\/fseal.com\/pt-br\/produtos-fseal\/laminados-de-borracha\/","url":"https:\/\/fseal.com\/pt-br\/produtos-fseal\/laminados-de-borracha\/","name":"LAMINADOS DE BORRACHA - Juntas FlexSeal","isPartOf":{"@id":"https:\/\/fseal.com\/pt-br\/#website"},"primaryImageOfPage":{"@id":"https:\/\/fseal.com\/pt-br\/produtos-fseal\/laminados-de-borracha\/#primaryimage"},"image":{"@id":"https:\/\/fseal.com\/pt-br\/produtos-fseal\/laminados-de-borracha\/#primaryimage"},"thumbnailUrl":"https:\/\/fseal.com\/wp-content\/uploads\/2013\/10\/pdf_icono.gif","datePublished":"2014-03-17T18:45:56+00:00","dateModified":"2025-06-11T19:04:41+00:00","description":"Fabricantes de productos para Sellado de Fluidos, Juntas para Bridas, Diel\u00e9ctricas, Kits de Aislamiento, Laminados de Goma, etc","breadcrumb":{"@id":"https:\/\/fseal.com\/pt-br\/produtos-fseal\/laminados-de-borracha\/#breadcrumb"},"inLanguage":"pt-BR","potentialAction":[{"@type":"ReadAction","target":["https:\/\/fseal.com\/pt-br\/produtos-fseal\/laminados-de-borracha\/"]}]},{"@type":"ImageObject","inLanguage":"pt-BR","@id":"https:\/\/fseal.com\/pt-br\/produtos-fseal\/laminados-de-borracha\/#primaryimage","url":"https:\/\/fseal.com\/wp-content\/uploads\/2013\/10\/pdf_icono.gif","contentUrl":"https:\/\/fseal.com\/wp-content\/uploads\/2013\/10\/pdf_icono.gif"},{"@type":"BreadcrumbList","@id":"https:\/\/fseal.com\/pt-br\/produtos-fseal\/laminados-de-borracha\/#breadcrumb","itemListElement":[{"@type":"ListItem","position":1,"name":"Portada","item":"https:\/\/fseal.com\/pt-br\/inicio\/"},{"@type":"ListItem","position":2,"name":"Produtos","item":"https:\/\/fseal.com\/pt-br\/produtos-fseal\/"},{"@type":"ListItem","position":3,"name":"LAMINADOS DE BORRACHA"}]},{"@type":"WebSite","@id":"https:\/\/fseal.com\/pt-br\/#website","url":"https:\/\/fseal.com\/pt-br\/","name":"Juntas FlexSeal","description":"Fabricantes de productos para Sellado de Fluidos (Estanqueidad), Juntas para Bridas, Diel\u00e9ctricas, RTJ, FLEXPACK, Kits de Aislamiento, Teflon Expandido SEALON, Empaques Espiromet\u00e1licos :: Buenos Aires, Argentina","potentialAction":[{"@type":"SearchAction","target":{"@type":"EntryPoint","urlTemplate":"https:\/\/fseal.com\/pt-br\/?s={search_term_string}"},"query-input":{"@type":"PropertyValueSpecification","valueRequired":true,"valueName":"search_term_string"}}],"inLanguage":"pt-BR"}]}},"_links":{"self":[{"href":"https:\/\/fseal.com\/pt-br\/wp-json\/wp\/v2\/pages\/3403","targetHints":{"allow":["GET"]}}],"collection":[{"href":"https:\/\/fseal.com\/pt-br\/wp-json\/wp\/v2\/pages"}],"about":[{"href":"https:\/\/fseal.com\/pt-br\/wp-json\/wp\/v2\/types\/page"}],"author":[{"embeddable":true,"href":"https:\/\/fseal.com\/pt-br\/wp-json\/wp\/v2\/users\/6"}],"replies":[{"embeddable":true,"href":"https:\/\/fseal.com\/pt-br\/wp-json\/wp\/v2\/comments?post=3403"}],"version-history":[{"count":14,"href":"https:\/\/fseal.com\/pt-br\/wp-json\/wp\/v2\/pages\/3403\/revisions"}],"predecessor-version":[{"id":9248,"href":"https:\/\/fseal.com\/pt-br\/wp-json\/wp\/v2\/pages\/3403\/revisions\/9248"}],"up":[{"embeddable":true,"href":"https:\/\/fseal.com\/pt-br\/wp-json\/wp\/v2\/pages\/6657"}],"wp:attachment":[{"href":"https:\/\/fseal.com\/pt-br\/wp-json\/wp\/v2\/media?parent=3403"}],"curies":[{"name":"wp","href":"https:\/\/api.w.org\/{rel}","templated":true}]}}