{"id":3440,"date":"2013-10-16T22:11:09","date_gmt":"2013-10-16T22:11:09","guid":{"rendered":"https:\/\/fseal.com\/produtos\/capuchones-de-proteccion\/"},"modified":"2025-06-02T04:41:05","modified_gmt":"2025-06-02T07:41:05","slug":"capuchones-de-proteccion","status":"publish","type":"page","link":"https:\/\/fseal.com\/pt-br\/produtos-fseal\/capuchones-de-proteccion\/","title":{"rendered":"TAMPAS DE PROTE\u00c7\u00c3O"},"content":{"rendered":"<p><div id='av_section_1'  class='avia-section av-av_section-33824540ed37003b7cda0ad9152ce001 main_color avia-section-default avia-shadow  avia-builder-el-0  el_before_av_one_half  avia-builder-el-first  avia-bg-style-fixed container_wrap sidebar_right'  ><div class='container av-section-cont-open' ><main  role=\"main\" itemprop=\"mainContentOfPage\"  class='template-page content  av-content-small alpha units'><div class='post-entry post-entry-type-page post-entry-3440'><div class='entry-content-wrapper clearfix'><\/div><\/div><\/main><!-- close content main element --><\/div><\/div><div id='after_section_1'  class='main_color av_default_container_wrap container_wrap sidebar_right'  ><div class='container av-section-cont-open' ><div class='template-page content  av-content-small alpha units'><div class='post-entry post-entry-type-page post-entry-3440'><div class='entry-content-wrapper clearfix'><br \/>\n<div  class='flex_column av-av_one_half-2a9015ff38129c418a3f2eafba3e9512 av_one_half  avia-builder-el-1  el_after_av_section  el_before_av_one_half  avia-builder-el-first  first flex_column_div  '     ><section  class='av_textblock_section av-av_textblock-929ebb0aaadec29be9c95297d4687f3f '   itemscope=\"itemscope\" itemtype=\"https:\/\/schema.org\/CreativeWork\" ><div class='avia_textblock'  itemprop=\"text\" ><p>As <strong>tampas protetoras Radolid<\/strong> s\u00e3o utilizadas para eliminar a corros\u00e3o de parafusos e porcas, com a consequente facilidade de remo\u00e7\u00e3o dos mesmos quando for necess\u00e1rio.<br \/>\nS\u00e3o fabricadas em polietileno de baixa densidade\u00a0 resistente aos raios UV e podem ser utilizados de -64\u00b0C a 100\u00b0C, mas sob pedido especial se fabricam em um material especial resistente a 220\u00b0C.<br \/>\nUma vez colocado, o composto da tampa libera internamente mol\u00e9culas ao ar que atuam inibindo a corros\u00e3o. Recomendamos preencher um quarto da tampa com graxa ou gel anticorrosivo. As tampas podem ser reutilizadas.<br \/>\nAs tampas protetoras Radolid s\u00e3o uma solu\u00e7\u00e3o pr\u00e1tica e efetiva\u00a0 para suas necessidades de prote\u00e7\u00e3o de parafusos e porcas.<\/p>\n<\/div><\/section><\/div><br \/>\n<div  class='flex_column av-av_one_half-0aea53b2b2b1640975a748149304d755 av_one_half  avia-builder-el-3  el_after_av_one_half  el_before_av_one_full  flex_column_div  '     ><p>\n<style type=\"text\/css\" data-created_by=\"avia_inline_auto\" id=\"style-css-av-av_image-fec854f7712673259d0d17b3eaba8448\">\n.avia-image-container.av-av_image-fec854f7712673259d0d17b3eaba8448 img.avia_image{\nbox-shadow:none;\n}\n.avia-image-container.av-av_image-fec854f7712673259d0d17b3eaba8448 .av-image-caption-overlay-center{\ncolor:#ffffff;\n}\n<\/style>\n<div  class='avia-image-container av-av_image-fec854f7712673259d0d17b3eaba8448 av-styling- avia-align-center  avia-builder-el-4  el_before_av_icon_box  avia-builder-el-first '   itemprop=\"image\" itemscope=\"itemscope\" itemtype=\"https:\/\/schema.org\/ImageObject\" ><div class=\"avia-image-container-inner\"><div class=\"avia-image-overlay-wrap\"><img decoding=\"async\" width=\"399\" height=\"378\" fetchpriority=\"high\" class='wp-image-6213 avia-img-lazy-loading-not-6213 avia_image ' src=\"https:\/\/fseal.com\/wp-content\/uploads\/2013\/10\/catodica_capuchones_01.jpg\" alt='' title='catodica_capuchones_01'   itemprop=\"thumbnailUrl\" srcset=\"https:\/\/fseal.com\/wp-content\/uploads\/2013\/10\/catodica_capuchones_01.jpg 399w, https:\/\/fseal.com\/wp-content\/uploads\/2013\/10\/catodica_capuchones_01-300x284.jpg 300w\" sizes=\"(max-width: 399px) 100vw, 399px\" \/><\/div><\/div><\/div><br \/>\n<article  class='iconbox iconbox_top av-mbes5aqc-81bd58b845d7a92479db01fadde57723  avia-builder-el-5  el_after_av_image  avia-builder-el-last  main_color'  itemscope=\"itemscope\" itemtype=\"https:\/\/schema.org\/CreativeWork\" ><div class=\"iconbox_content\"><header class=\"entry-content-header\" aria-label=\"Icon: Baixar PDF \"><div class='iconbox_icon heading-color avia-iconfont avia-font-entypo-fontello' data-av_icon='\ue82d' data-av_iconfont='entypo-fontello' title=\"Baixar PDF \" desc=\"Baixar PDF \" ><\/div><h3 class='iconbox_content_title '  itemprop=\"headline\" ><a href='https:\/\/fseal.com\/wp-content\/uploads\/2024\/10\/Corrosion-10-24-SP.pdf' title='Baixar PDF '  target=\"_blank\"  rel=\"noopener noreferrer\" >Baixar PDF <\/a><\/h3><\/header><div class='iconbox_content_container '  itemprop=\"text\" ><p>Brochure do Produto<\/p>\n<\/div><\/div><footer class=\"entry-footer\"><\/footer><\/article><\/p><\/div><div  class='flex_column av-av_one_full-2a9015ff38129c418a3f2eafba3e9512 av_one_full  avia-builder-el-6  el_after_av_one_half  avia-builder-el-last  first flex_column_div  column-top-margin'     ><style type=\"text\/css\" data-created_by=\"avia_inline_auto\" id=\"style-css-av-av_image-ff3c8651e0b733fb73a1d72e064e45c7\">\n.avia-image-container.av-av_image-ff3c8651e0b733fb73a1d72e064e45c7 img.avia_image{\nbox-shadow:none;\n}\n.avia-image-container.av-av_image-ff3c8651e0b733fb73a1d72e064e45c7 .av-image-caption-overlay-center{\ncolor:#ffffff;\n}\n<\/style>\n<div  class='avia-image-container av-av_image-ff3c8651e0b733fb73a1d72e064e45c7 av-styling- avia-align-center  avia-builder-el-7  avia-builder-el-no-sibling '   itemprop=\"image\" itemscope=\"itemscope\" itemtype=\"https:\/\/schema.org\/ImageObject\" ><div class=\"avia-image-container-inner\"><div class=\"avia-image-overlay-wrap\"><img decoding=\"async\" width=\"1055\" height=\"283\" fetchpriority=\"high\" class='wp-image-6215 avia-img-lazy-loading-not-6215 avia_image ' src=\"https:\/\/fseal.com\/wp-content\/uploads\/2013\/10\/catodia_capuchones_02.jpg\" alt='' title='catodia_capuchones_02'   itemprop=\"thumbnailUrl\" srcset=\"https:\/\/fseal.com\/wp-content\/uploads\/2013\/10\/catodia_capuchones_02.jpg 1055w, https:\/\/fseal.com\/wp-content\/uploads\/2013\/10\/catodia_capuchones_02-300x80.jpg 300w, https:\/\/fseal.com\/wp-content\/uploads\/2013\/10\/catodia_capuchones_02-1030x276.jpg 1030w, https:\/\/fseal.com\/wp-content\/uploads\/2013\/10\/catodia_capuchones_02-450x120.jpg 450w\" sizes=\"(max-width: 1055px) 100vw, 1055px\" \/><\/div><\/div><\/div><\/div><\/p>\n","protected":false},"excerpt":{"rendered":"","protected":false},"author":2,"featured_media":0,"parent":6657,"menu_order":0,"comment_status":"closed","ping_status":"closed","template":"","meta":{"footnotes":""},"class_list":["post-3440","page","type-page","status-publish","hentry"],"yoast_head":"<!-- This site is optimized with the Yoast SEO plugin v27.1.1 - https:\/\/yoast.com\/product\/yoast-seo-wordpress\/ -->\n<title>TAMPAS DE PROTE\u00c7\u00c3O - Juntas FlexSeal<\/title>\n<meta name=\"description\" content=\"Fabricantes de productos para Sellado de Fluidos (Estanqueidad), Juntas para Bridas, Diel\u00e9ctricas, RTJ, FLEXPACK, Kits de Aislamiento, Teflon Expandido SEALON, Empaques Espiromet\u00e1licos :: Buenos Aires, Argentina\" \/>\n<meta name=\"robots\" content=\"index, follow, max-snippet:-1, max-image-preview:large, max-video-preview:-1\" \/>\n<link rel=\"canonical\" href=\"https:\/\/fseal.com\/pt-br\/produtos-fseal\/capuchones-de-proteccion\/\" \/>\n<meta property=\"og:locale\" content=\"pt_BR\" \/>\n<meta property=\"og:type\" content=\"article\" \/>\n<meta property=\"og:title\" content=\"TAMPAS DE PROTE\u00c7\u00c3O - Juntas FlexSeal\" \/>\n<meta property=\"og:description\" content=\"Fabricantes de productos para Sellado de Fluidos (Estanqueidad), Juntas para Bridas, Diel\u00e9ctricas, RTJ, FLEXPACK, Kits de Aislamiento, Teflon Expandido SEALON, Empaques Espiromet\u00e1licos :: Buenos Aires, Argentina\" \/>\n<meta property=\"og:url\" content=\"https:\/\/fseal.com\/pt-br\/produtos-fseal\/capuchones-de-proteccion\/\" \/>\n<meta property=\"og:site_name\" content=\"Juntas FlexSeal\" \/>\n<meta property=\"article:modified_time\" content=\"2025-06-02T07:41:05+00:00\" \/>\n<meta name=\"twitter:label1\" content=\"Est. tempo de leitura\" \/>\n\t<meta name=\"twitter:data1\" content=\"1 minuto\" \/>\n<script type=\"application\/ld+json\" class=\"yoast-schema-graph\">{\"@context\":\"https:\/\/schema.org\",\"@graph\":[{\"@type\":\"WebPage\",\"@id\":\"https:\/\/fseal.com\/pt-br\/produtos-fseal\/capuchones-de-proteccion\/\",\"url\":\"https:\/\/fseal.com\/pt-br\/produtos-fseal\/capuchones-de-proteccion\/\",\"name\":\"TAMPAS DE PROTE\u00c7\u00c3O - Juntas FlexSeal\",\"isPartOf\":{\"@id\":\"https:\/\/fseal.com\/pt-br\/#website\"},\"datePublished\":\"2013-10-16T22:11:09+00:00\",\"dateModified\":\"2025-06-02T07:41:05+00:00\",\"description\":\"Fabricantes de productos para Sellado de Fluidos (Estanqueidad), Juntas para Bridas, Diel\u00e9ctricas, RTJ, FLEXPACK, Kits de Aislamiento, Teflon Expandido SEALON, Empaques Espiromet\u00e1licos :: Buenos Aires, Argentina\",\"breadcrumb\":{\"@id\":\"https:\/\/fseal.com\/pt-br\/produtos-fseal\/capuchones-de-proteccion\/#breadcrumb\"},\"inLanguage\":\"pt-BR\",\"potentialAction\":[{\"@type\":\"ReadAction\",\"target\":[\"https:\/\/fseal.com\/pt-br\/produtos-fseal\/capuchones-de-proteccion\/\"]}]},{\"@type\":\"BreadcrumbList\",\"@id\":\"https:\/\/fseal.com\/pt-br\/produtos-fseal\/capuchones-de-proteccion\/#breadcrumb\",\"itemListElement\":[{\"@type\":\"ListItem\",\"position\":1,\"name\":\"Portada\",\"item\":\"https:\/\/fseal.com\/pt-br\/inicio\/\"},{\"@type\":\"ListItem\",\"position\":2,\"name\":\"Produtos\",\"item\":\"https:\/\/fseal.com\/pt-br\/produtos-fseal\/\"},{\"@type\":\"ListItem\",\"position\":3,\"name\":\"TAMPAS DE PROTE\u00c7\u00c3O\"}]},{\"@type\":\"WebSite\",\"@id\":\"https:\/\/fseal.com\/pt-br\/#website\",\"url\":\"https:\/\/fseal.com\/pt-br\/\",\"name\":\"Juntas FlexSeal\",\"description\":\"Fabricantes de productos para Sellado de Fluidos (Estanqueidad), Juntas para Bridas, Diel\u00e9ctricas, RTJ, FLEXPACK, Kits de Aislamiento, Teflon Expandido SEALON, Empaques Espiromet\u00e1licos :: Buenos Aires, Argentina\",\"potentialAction\":[{\"@type\":\"SearchAction\",\"target\":{\"@type\":\"EntryPoint\",\"urlTemplate\":\"https:\/\/fseal.com\/pt-br\/?s={search_term_string}\"},\"query-input\":{\"@type\":\"PropertyValueSpecification\",\"valueRequired\":true,\"valueName\":\"search_term_string\"}}],\"inLanguage\":\"pt-BR\"}]}<\/script>\n<!-- \/ Yoast SEO plugin. -->","yoast_head_json":{"title":"TAMPAS DE PROTE\u00c7\u00c3O - Juntas FlexSeal","description":"Fabricantes de productos para Sellado de Fluidos (Estanqueidad), Juntas para Bridas, Diel\u00e9ctricas, RTJ, FLEXPACK, Kits de Aislamiento, Teflon Expandido SEALON, Empaques Espiromet\u00e1licos :: Buenos Aires, Argentina","robots":{"index":"index","follow":"follow","max-snippet":"max-snippet:-1","max-image-preview":"max-image-preview:large","max-video-preview":"max-video-preview:-1"},"canonical":"https:\/\/fseal.com\/pt-br\/produtos-fseal\/capuchones-de-proteccion\/","og_locale":"pt_BR","og_type":"article","og_title":"TAMPAS DE PROTE\u00c7\u00c3O - Juntas FlexSeal","og_description":"Fabricantes de productos para Sellado de Fluidos (Estanqueidad), Juntas para Bridas, Diel\u00e9ctricas, RTJ, FLEXPACK, Kits de Aislamiento, Teflon Expandido SEALON, Empaques Espiromet\u00e1licos :: Buenos Aires, Argentina","og_url":"https:\/\/fseal.com\/pt-br\/produtos-fseal\/capuchones-de-proteccion\/","og_site_name":"Juntas FlexSeal","article_modified_time":"2025-06-02T07:41:05+00:00","twitter_misc":{"Est. tempo de leitura":"1 minuto"},"schema":{"@context":"https:\/\/schema.org","@graph":[{"@type":"WebPage","@id":"https:\/\/fseal.com\/pt-br\/produtos-fseal\/capuchones-de-proteccion\/","url":"https:\/\/fseal.com\/pt-br\/produtos-fseal\/capuchones-de-proteccion\/","name":"TAMPAS DE PROTE\u00c7\u00c3O - Juntas FlexSeal","isPartOf":{"@id":"https:\/\/fseal.com\/pt-br\/#website"},"datePublished":"2013-10-16T22:11:09+00:00","dateModified":"2025-06-02T07:41:05+00:00","description":"Fabricantes de productos para Sellado de Fluidos (Estanqueidad), Juntas para Bridas, Diel\u00e9ctricas, RTJ, FLEXPACK, Kits de Aislamiento, Teflon Expandido SEALON, Empaques Espiromet\u00e1licos :: Buenos Aires, Argentina","breadcrumb":{"@id":"https:\/\/fseal.com\/pt-br\/produtos-fseal\/capuchones-de-proteccion\/#breadcrumb"},"inLanguage":"pt-BR","potentialAction":[{"@type":"ReadAction","target":["https:\/\/fseal.com\/pt-br\/produtos-fseal\/capuchones-de-proteccion\/"]}]},{"@type":"BreadcrumbList","@id":"https:\/\/fseal.com\/pt-br\/produtos-fseal\/capuchones-de-proteccion\/#breadcrumb","itemListElement":[{"@type":"ListItem","position":1,"name":"Portada","item":"https:\/\/fseal.com\/pt-br\/inicio\/"},{"@type":"ListItem","position":2,"name":"Produtos","item":"https:\/\/fseal.com\/pt-br\/produtos-fseal\/"},{"@type":"ListItem","position":3,"name":"TAMPAS DE PROTE\u00c7\u00c3O"}]},{"@type":"WebSite","@id":"https:\/\/fseal.com\/pt-br\/#website","url":"https:\/\/fseal.com\/pt-br\/","name":"Juntas FlexSeal","description":"Fabricantes de productos para Sellado de Fluidos (Estanqueidad), Juntas para Bridas, Diel\u00e9ctricas, RTJ, FLEXPACK, Kits de Aislamiento, Teflon Expandido SEALON, Empaques Espiromet\u00e1licos :: Buenos Aires, Argentina","potentialAction":[{"@type":"SearchAction","target":{"@type":"EntryPoint","urlTemplate":"https:\/\/fseal.com\/pt-br\/?s={search_term_string}"},"query-input":{"@type":"PropertyValueSpecification","valueRequired":true,"valueName":"search_term_string"}}],"inLanguage":"pt-BR"}]}},"_links":{"self":[{"href":"https:\/\/fseal.com\/pt-br\/wp-json\/wp\/v2\/pages\/3440","targetHints":{"allow":["GET"]}}],"collection":[{"href":"https:\/\/fseal.com\/pt-br\/wp-json\/wp\/v2\/pages"}],"about":[{"href":"https:\/\/fseal.com\/pt-br\/wp-json\/wp\/v2\/types\/page"}],"author":[{"embeddable":true,"href":"https:\/\/fseal.com\/pt-br\/wp-json\/wp\/v2\/users\/2"}],"replies":[{"embeddable":true,"href":"https:\/\/fseal.com\/pt-br\/wp-json\/wp\/v2\/comments?post=3440"}],"version-history":[{"count":11,"href":"https:\/\/fseal.com\/pt-br\/wp-json\/wp\/v2\/pages\/3440\/revisions"}],"predecessor-version":[{"id":9016,"href":"https:\/\/fseal.com\/pt-br\/wp-json\/wp\/v2\/pages\/3440\/revisions\/9016"}],"up":[{"embeddable":true,"href":"https:\/\/fseal.com\/pt-br\/wp-json\/wp\/v2\/pages\/6657"}],"wp:attachment":[{"href":"https:\/\/fseal.com\/pt-br\/wp-json\/wp\/v2\/media?parent=3440"}],"curies":[{"name":"wp","href":"https:\/\/api.w.org\/{rel}","templated":true}]}}