{"id":3526,"date":"2014-08-30T15:03:24","date_gmt":"2014-08-30T15:03:24","guid":{"rendered":"https:\/\/fseal.com\/?page_id=3526"},"modified":"2025-04-02T23:35:33","modified_gmt":"2025-04-03T02:35:33","slug":"ring-type-joints","status":"publish","type":"page","link":"https:\/\/fseal.com\/pt-br\/produtos-fseal\/ring-type-joints\/","title":{"rendered":"RING TYPE JOINTS"},"content":{"rendered":"<p>\n<style type=\"text\/css\" data-created_by=\"avia_inline_auto\" id=\"style-css-av-cy7jyu-c64b0f5b152847421376af6d708d9295\">\n.avia-section.av-cy7jyu-c64b0f5b152847421376af6d708d9295{\nbackground-repeat:no-repeat;\nbackground-image:url(https:\/\/fseal.com\/wp-content\/uploads\/2013\/09\/home_ring.jpg);\nbackground-position:50% 0%;\nbackground-attachment:fixed;\n}\n<\/style>\n<div id='av_section_1'  class='avia-section av-cy7jyu-c64b0f5b152847421376af6d708d9295 main_color avia-section-default avia-shadow  avia-builder-el-0  el_before_av_one_half  avia-builder-el-first  avia-full-stretch avia-bg-style-fixed container_wrap sidebar_right'  data-section-bg-repeat='stretch'><div class='container av-section-cont-open' ><main  role=\"main\" itemprop=\"mainContentOfPage\"  class='template-page content  av-content-small alpha units'><div class='post-entry post-entry-type-page post-entry-3526'><div class='entry-content-wrapper clearfix'><\/div><\/div><\/main><!-- close content main element --><\/div><\/div><div id='after_section_1'  class='main_color av_default_container_wrap container_wrap sidebar_right'  ><div class='container av-section-cont-open' ><div class='template-page content  av-content-small alpha units'><div class='post-entry post-entry-type-page post-entry-3526'><div class='entry-content-wrapper clearfix'><br \/>\n<div  class='flex_column av-a3ua7q-93ce7879efba429525ddbf225a399164 av_one_half  avia-builder-el-1  el_after_av_section  el_before_av_one_half  avia-builder-el-first  first flex_column_div  '     ><section  class='av_textblock_section av-m90qgb0a-129860cb6a571866722551576ad15058 '   itemscope=\"itemscope\" itemtype=\"https:\/\/schema.org\/CreativeWork\" ><div class='avia_textblock'  itemprop=\"text\" ><p>Os <strong>ring joints<\/strong> s\u00e3o an\u00e9is met\u00e1licos precisamente mecanizados que s\u00e3o utilizados como juntas de veda\u00e7\u00e3o em flanges RTJ, os quais possuem um alojamento especial para os mesmos.<br \/>\nForam projetados especialmente para aplica\u00e7\u00f5es onde \u00e9 requerida uma veda\u00e7\u00e3o que resista a press\u00f5es elevadas e a press\u00f5es de opera\u00e7\u00e3o.<br \/>\nTodos nossos an\u00e9is s\u00e3o fabricados conforme as normas ASME B 16.20 e API 6A.<\/p>\n<p><strong>Materiais<\/strong><br \/>\nNossos an\u00e9is s\u00e3o fabricados com materiais completamente identificados em todas as suas etapas de produ\u00e7\u00e3o. Assim, conhece-se o vazamento do material desde o momento da aquisi\u00e7\u00e3o da mat\u00e9ria-prima at\u00e9 o momento de utiliza\u00e7\u00e3o da pe\u00e7a. A fabrica\u00e7\u00e3o est\u00e1 em plena conformidade com a norma API 6A PSL 4.<br \/>\nO material deve ser escolhido segundo as condi\u00e7\u00f5es de opera\u00e7\u00e3o. Sempre \u00e9 recomend\u00e1vel que o material do anel seja mais macio do que o do flange.<\/p>\n<p style=\"text-align: justify;\">Segundo as especifica\u00e7\u00f5es API, o a\u00e7o doce e o a\u00e7o baixo carbono s\u00e3o protegidos com um recobrimento de c\u00e1dmio de uma espessura n\u00e3o maior que 0,0127 mm.<\/p>\n<p><strong><em>Os materiais mais usados s\u00e3o detalhados no PDF<\/em><\/strong><\/p>\n<\/div><\/section><\/div><div  class='flex_column av-8rzgly-0bed57f19d47706efbd12a16c29fe318 av_one_half  avia-builder-el-3  el_after_av_one_half  el_before_av_one_full  flex_column_div  '     ><p>\n<style type=\"text\/css\" data-created_by=\"avia_inline_auto\" id=\"style-css-av-7nhrra-24c7c9fc9a856bd33eaf980eb9d624fb\">\n.avia-image-container.av-7nhrra-24c7c9fc9a856bd33eaf980eb9d624fb img.avia_image{\nbox-shadow:none;\n}\n.avia-image-container.av-7nhrra-24c7c9fc9a856bd33eaf980eb9d624fb .av-image-caption-overlay-center{\ncolor:#ffffff;\n}\n<\/style>\n<div  class='avia-image-container av-7nhrra-24c7c9fc9a856bd33eaf980eb9d624fb av-styling- avia-align-center  avia-builder-el-4  el_before_av_icon_box  avia-builder-el-first '   itemprop=\"image\" itemscope=\"itemscope\" itemtype=\"https:\/\/schema.org\/ImageObject\" ><div class=\"avia-image-container-inner\"><div class=\"avia-image-overlay-wrap\"><img decoding=\"async\" fetchpriority=\"high\" class='wp-image-7000 avia-img-lazy-loading-not-7000 avia_image ' src=\"https:\/\/fseal.com\/wp-content\/uploads\/2024\/04\/Mockup_folletos_RTJ.jpg\" alt='' title='Mockup_folletos_RTJ'  height=\"380\" width=\"400\"  itemprop=\"thumbnailUrl\" srcset=\"https:\/\/fseal.com\/wp-content\/uploads\/2024\/04\/Mockup_folletos_RTJ.jpg 400w, https:\/\/fseal.com\/wp-content\/uploads\/2024\/04\/Mockup_folletos_RTJ-300x285.jpg 300w\" sizes=\"(max-width: 400px) 100vw, 400px\" \/><\/div><\/div><\/div><br \/>\n<article  class='iconbox iconbox_top av-65iec6-8d2f8f96e4cbeffe25ad300a6185b82b  avia-builder-el-5  el_after_av_image  avia-builder-el-last  main_color'  itemscope=\"itemscope\" itemtype=\"https:\/\/schema.org\/CreativeWork\" ><div class=\"iconbox_content\"><header class=\"entry-content-header\" aria-label=\"Icon: BAIXAR PDF\"><div class='iconbox_icon heading-color avia-iconfont avia-font-entypo-fontello' data-av_icon='\ue82d' data-av_iconfont='entypo-fontello' title=\"BAIXAR PDF\" desc=\"BAIXAR PDF\" ><\/div><h3 class='iconbox_content_title '  itemprop=\"headline\" ><a href='https:\/\/fseal.com\/wp-content\/uploads\/2025\/04\/RTJ-02-25-BR.pdf' title='BAIXAR PDF'  target=\"_blank\"  rel=\"noopener noreferrer\" >BAIXAR PDF<\/a><\/h3><\/header><div class='iconbox_content_container '  itemprop=\"text\" ><p>Brochure do Produto<\/p>\n<\/div><\/div><footer class=\"entry-footer\"><\/footer><\/article><\/p><\/div><br \/>\n<div  class='flex_column av-40bz6u-24d49ef92582b333ac72bfccdfc50a45 av_one_full  avia-builder-el-6  el_after_av_one_half  avia-builder-el-last  first flex_column_div  column-top-margin'     ><p><section  class='av_textblock_section av-25acra-6b525a23aec6cdb9485554279733a5da '   itemscope=\"itemscope\" itemtype=\"https:\/\/schema.org\/CreativeWork\" ><div class='avia_textblock'  itemprop=\"text\" ><p><strong>Classifica\u00e7\u00e3o<\/strong><br \/>\nOs RTJ s\u00e3o classificados de acordo com diferentes estilos, que s\u00e3o detalhados abaixo.<\/p>\n<\/div><\/section><br \/>\n<div  class='tabcontainer av-7ghxee-91bc8a86a23deaabf4d28fe6fa53d52f top_tab  avia-builder-el-8  el_after_av_textblock  avia-builder-el-last '>\n<section class='av_tab_section av_tab_section av-66yp1y-629fff78b36eb11bbd872b1b9331668a'  itemscope=\"itemscope\" itemtype=\"https:\/\/schema.org\/CreativeWork\" ><div id='tab-id-1-tab' class='tab active_tab' role='tab' aria-selected=\"true\" tabindex=\"0\" data-fake-id='#tab-id-1' aria-controls='tab-id-1-content'  itemprop=\"headline\" >Estilo R<\/div><div id='tab-id-1-content' class='tab_content active_tab_content' role='tabpanel' aria-labelledby='tab-id-1-tab' aria-hidden=\"false\"><div class='tab_inner_content invers-color'  itemprop=\"text\" ><p style=\"text-align: justify;\"><a href=\"https:\/\/fseal.com\/wp-content\/uploads\/2013\/10\/rj_estilos_R.gif\"><img loading=\"lazy\" decoding=\"async\" class=\"size-full wp-image-2596 alignright\" src=\"https:\/\/fseal.com\/wp-content\/uploads\/2013\/10\/rj_estilos_R.gif\" alt=\"rj_estilos_R\" width=\"257\" height=\"113\" \/><\/a><\/p>\n<p>Os ring joints do estilo padr\u00e3o R s\u00e3o fabricados conforme as normas API e ASME B16.20. Est\u00e3o dispon\u00edveis em configura\u00e7\u00f5es\u00a0Oval e Octogonal.\u00a0\u00a0 Ambos os tipos s\u00e3o intercambi\u00e1veis nos modernos flanges octogonais. Contudo, os octogonais t\u00eam maior efetividade de veda\u00e7\u00e3o devido a que copiam o alojamento dos flanges.<\/p>\n<\/div><\/div><\/section>\n<section class='av_tab_section av_tab_section av-3rsenq-fdbc131d817759e78871b60484b12037'  itemscope=\"itemscope\" itemtype=\"https:\/\/schema.org\/CreativeWork\" ><div id='tab-id-2-tab' class='tab' role='tab' aria-selected=\"false\" tabindex=\"0\" data-fake-id='#tab-id-2' aria-controls='tab-id-2-content'  itemprop=\"headline\" >Estilo RX<\/div><div id='tab-id-2-content' class='tab_content' role='tabpanel' aria-labelledby='tab-id-2-tab' aria-hidden=\"true\"><div class='tab_inner_content invers-color'  itemprop=\"text\" ><p><img loading=\"lazy\" decoding=\"async\" class=\"size-full wp-image-2588 alignright\" src=\"https:\/\/fseal.com\/wp-content\/uploads\/2013\/10\/rj_estilo_RX.gif\" alt=\"rj_estilo_RX\" width=\"257\" height=\"49\" \/><br \/>\nO estilo RX \u00e9 uma adapta\u00e7\u00e3o do estilo R especialmente projetada para resistir maiores press\u00f5es. Encaixa no mesmo alojamento que o estilo R, fazendo os an\u00e9is intercambi\u00e1veis.<\/p>\n<\/div><\/div><\/section>\n<section class='av_tab_section av_tab_section av-2udzme-80dd7aa297222eca24937508a078384c'  itemscope=\"itemscope\" itemtype=\"https:\/\/schema.org\/CreativeWork\" ><div id='tab-id-3-tab' class='tab' role='tab' aria-selected=\"false\" tabindex=\"0\" data-fake-id='#tab-id-3' aria-controls='tab-id-3-content'  itemprop=\"headline\" >Estilo BX<\/div><div id='tab-id-3-content' class='tab_content' role='tabpanel' aria-labelledby='tab-id-3-tab' aria-hidden=\"true\"><div class='tab_inner_content invers-color'  itemprop=\"text\" ><p><img loading=\"lazy\" decoding=\"async\" class=\"size-full wp-image-2587 alignright\" src=\"https:\/\/fseal.com\/wp-content\/uploads\/2013\/10\/rj_estilo_BX.gif\" alt=\"rj_estilo_BX\" width=\"257\" height=\"49\" \/><br \/>\nO estilo BX tamb\u00e9m est\u00e1 projetado especialmente para press\u00f5es extremas e pode ser usado em sistemas pressurizados de at\u00e9 20.000 psi. Todos os an\u00e9is BX incorporam um furo que equilibra a press\u00e3o.<\/p>\n<\/div><\/div><\/section>\n<\/div><\/p><\/div><\/p>\n","protected":false},"excerpt":{"rendered":"","protected":false},"author":2,"featured_media":0,"parent":6657,"menu_order":0,"comment_status":"closed","ping_status":"closed","template":"","meta":{"footnotes":""},"class_list":["post-3526","page","type-page","status-publish","hentry"],"yoast_head":"<!-- This site is optimized with the Yoast SEO plugin v27.3 - https:\/\/yoast.com\/product\/yoast-seo-wordpress\/ -->\n<title>RING TYPE JOINTS - Juntas FlexSeal<\/title>\n<meta name=\"description\" content=\"Fabricantes de productos para Sellado de Fluidos (Estanqueidad), Juntas para Bridas, Diel\u00e9ctricas, RTJ, FLEXPACK, Kits de Aislamiento, Teflon Expandido SEALON, Empaques Espiromet\u00e1licos :: Buenos Aires, Argentina\" \/>\n<meta name=\"robots\" content=\"index, follow, max-snippet:-1, max-image-preview:large, max-video-preview:-1\" \/>\n<link rel=\"canonical\" href=\"https:\/\/fseal.com\/pt-br\/produtos-fseal\/ring-type-joints\/\" \/>\n<meta property=\"og:locale\" content=\"pt_BR\" \/>\n<meta property=\"og:type\" content=\"article\" \/>\n<meta property=\"og:title\" content=\"RING TYPE JOINTS - Juntas FlexSeal\" \/>\n<meta property=\"og:description\" content=\"Fabricantes de productos para Sellado de Fluidos (Estanqueidad), Juntas para Bridas, Diel\u00e9ctricas, RTJ, FLEXPACK, Kits de Aislamiento, Teflon Expandido SEALON, Empaques Espiromet\u00e1licos :: Buenos Aires, Argentina\" \/>\n<meta property=\"og:url\" content=\"https:\/\/fseal.com\/pt-br\/produtos-fseal\/ring-type-joints\/\" \/>\n<meta property=\"og:site_name\" content=\"Juntas FlexSeal\" \/>\n<meta property=\"article:modified_time\" content=\"2025-04-03T02:35:33+00:00\" \/>\n<meta property=\"og:image\" content=\"http:\/\/fseal.com\/wp-content\/uploads\/2013\/10\/rj_estilos_R.gif\" \/>\n<meta name=\"twitter:label1\" content=\"Est. tempo de leitura\" \/>\n\t<meta name=\"twitter:data1\" content=\"3 minutos\" \/>\n<script type=\"application\/ld+json\" class=\"yoast-schema-graph\">{\"@context\":\"https:\\\/\\\/schema.org\",\"@graph\":[{\"@type\":\"WebPage\",\"@id\":\"https:\\\/\\\/fseal.com\\\/pt-br\\\/produtos-fseal\\\/ring-type-joints\\\/\",\"url\":\"https:\\\/\\\/fseal.com\\\/pt-br\\\/produtos-fseal\\\/ring-type-joints\\\/\",\"name\":\"RING TYPE JOINTS - Juntas FlexSeal\",\"isPartOf\":{\"@id\":\"https:\\\/\\\/fseal.com\\\/pt-br\\\/#website\"},\"primaryImageOfPage\":{\"@id\":\"https:\\\/\\\/fseal.com\\\/pt-br\\\/produtos-fseal\\\/ring-type-joints\\\/#primaryimage\"},\"image\":{\"@id\":\"https:\\\/\\\/fseal.com\\\/pt-br\\\/produtos-fseal\\\/ring-type-joints\\\/#primaryimage\"},\"thumbnailUrl\":\"https:\\\/\\\/fseal.com\\\/wp-content\\\/uploads\\\/2013\\\/10\\\/rj_estilos_R.gif\",\"datePublished\":\"2014-08-30T15:03:24+00:00\",\"dateModified\":\"2025-04-03T02:35:33+00:00\",\"description\":\"Fabricantes de productos para Sellado de Fluidos (Estanqueidad), Juntas para Bridas, Diel\u00e9ctricas, RTJ, FLEXPACK, Kits de Aislamiento, Teflon Expandido SEALON, Empaques Espiromet\u00e1licos :: Buenos Aires, Argentina\",\"breadcrumb\":{\"@id\":\"https:\\\/\\\/fseal.com\\\/pt-br\\\/produtos-fseal\\\/ring-type-joints\\\/#breadcrumb\"},\"inLanguage\":\"pt-BR\",\"potentialAction\":[{\"@type\":\"ReadAction\",\"target\":[\"https:\\\/\\\/fseal.com\\\/pt-br\\\/produtos-fseal\\\/ring-type-joints\\\/\"]}]},{\"@type\":\"ImageObject\",\"inLanguage\":\"pt-BR\",\"@id\":\"https:\\\/\\\/fseal.com\\\/pt-br\\\/produtos-fseal\\\/ring-type-joints\\\/#primaryimage\",\"url\":\"https:\\\/\\\/fseal.com\\\/wp-content\\\/uploads\\\/2013\\\/10\\\/rj_estilos_R.gif\",\"contentUrl\":\"https:\\\/\\\/fseal.com\\\/wp-content\\\/uploads\\\/2013\\\/10\\\/rj_estilos_R.gif\"},{\"@type\":\"BreadcrumbList\",\"@id\":\"https:\\\/\\\/fseal.com\\\/pt-br\\\/produtos-fseal\\\/ring-type-joints\\\/#breadcrumb\",\"itemListElement\":[{\"@type\":\"ListItem\",\"position\":1,\"name\":\"Portada\",\"item\":\"https:\\\/\\\/fseal.com\\\/pt-br\\\/inicio\\\/\"},{\"@type\":\"ListItem\",\"position\":2,\"name\":\"Produtos\",\"item\":\"https:\\\/\\\/fseal.com\\\/pt-br\\\/produtos-fseal\\\/\"},{\"@type\":\"ListItem\",\"position\":3,\"name\":\"RING TYPE JOINTS\"}]},{\"@type\":\"WebSite\",\"@id\":\"https:\\\/\\\/fseal.com\\\/pt-br\\\/#website\",\"url\":\"https:\\\/\\\/fseal.com\\\/pt-br\\\/\",\"name\":\"Juntas FlexSeal\",\"description\":\"Fabricantes de productos para Sellado de Fluidos (Estanqueidad), Juntas para Bridas, Diel\u00e9ctricas, RTJ, FLEXPACK, Kits de Aislamiento, Teflon Expandido SEALON, Empaques Espiromet\u00e1licos :: Buenos Aires, Argentina\",\"potentialAction\":[{\"@type\":\"SearchAction\",\"target\":{\"@type\":\"EntryPoint\",\"urlTemplate\":\"https:\\\/\\\/fseal.com\\\/pt-br\\\/?s={search_term_string}\"},\"query-input\":{\"@type\":\"PropertyValueSpecification\",\"valueRequired\":true,\"valueName\":\"search_term_string\"}}],\"inLanguage\":\"pt-BR\"}]}<\/script>\n<!-- \/ Yoast SEO plugin. -->","yoast_head_json":{"title":"RING TYPE JOINTS - Juntas FlexSeal","description":"Fabricantes de productos para Sellado de Fluidos (Estanqueidad), Juntas para Bridas, Diel\u00e9ctricas, RTJ, FLEXPACK, Kits de Aislamiento, Teflon Expandido SEALON, Empaques Espiromet\u00e1licos :: Buenos Aires, Argentina","robots":{"index":"index","follow":"follow","max-snippet":"max-snippet:-1","max-image-preview":"max-image-preview:large","max-video-preview":"max-video-preview:-1"},"canonical":"https:\/\/fseal.com\/pt-br\/produtos-fseal\/ring-type-joints\/","og_locale":"pt_BR","og_type":"article","og_title":"RING TYPE JOINTS - Juntas FlexSeal","og_description":"Fabricantes de productos para Sellado de Fluidos (Estanqueidad), Juntas para Bridas, Diel\u00e9ctricas, RTJ, FLEXPACK, Kits de Aislamiento, Teflon Expandido SEALON, Empaques Espiromet\u00e1licos :: Buenos Aires, Argentina","og_url":"https:\/\/fseal.com\/pt-br\/produtos-fseal\/ring-type-joints\/","og_site_name":"Juntas FlexSeal","article_modified_time":"2025-04-03T02:35:33+00:00","og_image":[{"url":"http:\/\/fseal.com\/wp-content\/uploads\/2013\/10\/rj_estilos_R.gif","type":"","width":"","height":""}],"twitter_misc":{"Est. tempo de leitura":"3 minutos"},"schema":{"@context":"https:\/\/schema.org","@graph":[{"@type":"WebPage","@id":"https:\/\/fseal.com\/pt-br\/produtos-fseal\/ring-type-joints\/","url":"https:\/\/fseal.com\/pt-br\/produtos-fseal\/ring-type-joints\/","name":"RING TYPE JOINTS - Juntas FlexSeal","isPartOf":{"@id":"https:\/\/fseal.com\/pt-br\/#website"},"primaryImageOfPage":{"@id":"https:\/\/fseal.com\/pt-br\/produtos-fseal\/ring-type-joints\/#primaryimage"},"image":{"@id":"https:\/\/fseal.com\/pt-br\/produtos-fseal\/ring-type-joints\/#primaryimage"},"thumbnailUrl":"https:\/\/fseal.com\/wp-content\/uploads\/2013\/10\/rj_estilos_R.gif","datePublished":"2014-08-30T15:03:24+00:00","dateModified":"2025-04-03T02:35:33+00:00","description":"Fabricantes de productos para Sellado de Fluidos (Estanqueidad), Juntas para Bridas, Diel\u00e9ctricas, RTJ, FLEXPACK, Kits de Aislamiento, Teflon Expandido SEALON, Empaques Espiromet\u00e1licos :: Buenos Aires, Argentina","breadcrumb":{"@id":"https:\/\/fseal.com\/pt-br\/produtos-fseal\/ring-type-joints\/#breadcrumb"},"inLanguage":"pt-BR","potentialAction":[{"@type":"ReadAction","target":["https:\/\/fseal.com\/pt-br\/produtos-fseal\/ring-type-joints\/"]}]},{"@type":"ImageObject","inLanguage":"pt-BR","@id":"https:\/\/fseal.com\/pt-br\/produtos-fseal\/ring-type-joints\/#primaryimage","url":"https:\/\/fseal.com\/wp-content\/uploads\/2013\/10\/rj_estilos_R.gif","contentUrl":"https:\/\/fseal.com\/wp-content\/uploads\/2013\/10\/rj_estilos_R.gif"},{"@type":"BreadcrumbList","@id":"https:\/\/fseal.com\/pt-br\/produtos-fseal\/ring-type-joints\/#breadcrumb","itemListElement":[{"@type":"ListItem","position":1,"name":"Portada","item":"https:\/\/fseal.com\/pt-br\/inicio\/"},{"@type":"ListItem","position":2,"name":"Produtos","item":"https:\/\/fseal.com\/pt-br\/produtos-fseal\/"},{"@type":"ListItem","position":3,"name":"RING TYPE JOINTS"}]},{"@type":"WebSite","@id":"https:\/\/fseal.com\/pt-br\/#website","url":"https:\/\/fseal.com\/pt-br\/","name":"Juntas FlexSeal","description":"Fabricantes de productos para Sellado de Fluidos (Estanqueidad), Juntas para Bridas, Diel\u00e9ctricas, RTJ, FLEXPACK, Kits de Aislamiento, Teflon Expandido SEALON, Empaques Espiromet\u00e1licos :: Buenos Aires, Argentina","potentialAction":[{"@type":"SearchAction","target":{"@type":"EntryPoint","urlTemplate":"https:\/\/fseal.com\/pt-br\/?s={search_term_string}"},"query-input":{"@type":"PropertyValueSpecification","valueRequired":true,"valueName":"search_term_string"}}],"inLanguage":"pt-BR"}]}},"_links":{"self":[{"href":"https:\/\/fseal.com\/pt-br\/wp-json\/wp\/v2\/pages\/3526","targetHints":{"allow":["GET"]}}],"collection":[{"href":"https:\/\/fseal.com\/pt-br\/wp-json\/wp\/v2\/pages"}],"about":[{"href":"https:\/\/fseal.com\/pt-br\/wp-json\/wp\/v2\/types\/page"}],"author":[{"embeddable":true,"href":"https:\/\/fseal.com\/pt-br\/wp-json\/wp\/v2\/users\/2"}],"replies":[{"embeddable":true,"href":"https:\/\/fseal.com\/pt-br\/wp-json\/wp\/v2\/comments?post=3526"}],"version-history":[{"count":18,"href":"https:\/\/fseal.com\/pt-br\/wp-json\/wp\/v2\/pages\/3526\/revisions"}],"predecessor-version":[{"id":8796,"href":"https:\/\/fseal.com\/pt-br\/wp-json\/wp\/v2\/pages\/3526\/revisions\/8796"}],"up":[{"embeddable":true,"href":"https:\/\/fseal.com\/pt-br\/wp-json\/wp\/v2\/pages\/6657"}],"wp:attachment":[{"href":"https:\/\/fseal.com\/pt-br\/wp-json\/wp\/v2\/media?parent=3526"}],"curies":[{"name":"wp","href":"https:\/\/api.w.org\/{rel}","templated":true}]}}