{"id":5285,"date":"2019-07-31T17:14:16","date_gmt":"2019-07-31T20:14:16","guid":{"rendered":"https:\/\/fseal.com\/?page_id=5285"},"modified":"2025-05-27T16:48:33","modified_gmt":"2025-05-27T19:48:33","slug":"flexseal-ptfe","status":"publish","type":"page","link":"https:\/\/fseal.com\/pt-br\/produtos-fseal\/flexseal-ptfe\/","title":{"rendered":"FLEXSEAL PTFE"},"content":{"rendered":"<p>\n<style type=\"text\/css\" data-created_by=\"avia_inline_auto\" id=\"style-css-av-av_section-c4cc3e39449ced068bed0e7dd7f7e1f6\">\n.avia-section.av-av_section-c4cc3e39449ced068bed0e7dd7f7e1f6{\nbackground-repeat:no-repeat;\nbackground-image:url(https:\/\/fseal.com\/wp-content\/uploads\/2013\/10\/industria.jpg);\nbackground-position:50% 0%;\nbackground-attachment:fixed;\n}\n<\/style>\n<div id='av_section_1'  class='avia-section av-av_section-c4cc3e39449ced068bed0e7dd7f7e1f6 main_color avia-section-default avia-shadow  avia-builder-el-0  el_before_av_one_half  avia-builder-el-first  avia-full-stretch avia-bg-style-fixed container_wrap sidebar_right'  data-section-bg-repeat='stretch'><div class='container av-section-cont-open' ><main  role=\"main\" itemprop=\"mainContentOfPage\"  class='template-page content  av-content-small alpha units'><div class='post-entry post-entry-type-page post-entry-5285'><div class='entry-content-wrapper clearfix'><\/div><\/div><\/main><!-- close content main element --><\/div><\/div><div id='after_section_1'  class='main_color av_default_container_wrap container_wrap sidebar_right'  ><div class='container av-section-cont-open' ><div class='template-page content  av-content-small alpha units'><div class='post-entry post-entry-type-page post-entry-5285'><div class='entry-content-wrapper clearfix'><br \/>\n<div  class='flex_column av-av_one_half-516b7eac7a9c6cd1b746245801c7486c av_one_half  avia-builder-el-1  el_after_av_section  el_before_av_one_half  avia-builder-el-first  first flex_column_div  '     ><section  class='av_textblock_section av-mb6xco9u-06e19663d9a3b9b5e77e43cf429bb741 '   itemscope=\"itemscope\" itemtype=\"https:\/\/schema.org\/CreativeWork\" ><div class='avia_textblock'  itemprop=\"text\" ><p>Os materiais de <strong>PTFE FLEXSEAL<\/strong> s\u00e3o materiais de alta qualidade, fabricados a partir de PTFE modificado e cargas adicionais de outros materiais para fornecer propriedades que previnem a relaxa\u00e7\u00e3o por flu\u00eancia.<br \/>\nEstes materiais t\u00eam altas vendas em rela\u00e7\u00e3o ao tradicional PTFE virgem, j\u00e1 que sua reten\u00e7\u00e3o de torque \u00e9 alta quando a temperatura sobe e, portanto, sua capacidade de veda\u00e7\u00e3o \u00e9 mais efetiva.Fabricamos tr\u00eas estilos com diferentes tipos de materiais adicionais para cobrir quase todo o material. espectro de aplica\u00e7\u00f5es de veda\u00e7\u00e3o.<\/p>\n<\/div><\/section><\/div>\n<style type=\"text\/css\" data-created_by=\"avia_inline_auto\" id=\"style-css-av-av_one_half-e671fab5613f317ef63eb9ab712c64a3\">\n.flex_column.av-av_one_half-e671fab5613f317ef63eb9ab712c64a3{\nborder-radius:0px 0px 0px 0px;\npadding:0px 0px 0px 0px;\n}\n<\/style>\n<div  class='flex_column av-av_one_half-e671fab5613f317ef63eb9ab712c64a3 av_one_half  avia-builder-el-3  el_after_av_one_half  el_before_av_one_full  flex_column_div av-zero-column-padding  '     ><style type=\"text\/css\" data-created_by=\"avia_inline_auto\" id=\"style-css-av-av_image-c2a6a8b4c05295fd55c9daa841a8edb5\">\n.avia-image-container.av-av_image-c2a6a8b4c05295fd55c9daa841a8edb5 img.avia_image{\nbox-shadow:none;\n}\n.avia-image-container.av-av_image-c2a6a8b4c05295fd55c9daa841a8edb5 .av-image-caption-overlay-center{\ncolor:#ffffff;\n}\n<\/style>\n<div  class='avia-image-container av-av_image-c2a6a8b4c05295fd55c9daa841a8edb5 av-styling- avia-align-center  avia-builder-el-4  avia-builder-el-no-sibling '   itemprop=\"image\" itemscope=\"itemscope\" itemtype=\"https:\/\/schema.org\/ImageObject\" ><div class=\"avia-image-container-inner\"><div class=\"avia-image-overlay-wrap\"><img decoding=\"async\" fetchpriority=\"high\" class='wp-image-7850 avia-img-lazy-loading-not-7850 avia_image ' src=\"https:\/\/fseal.com\/wp-content\/uploads\/2024\/11\/IMAGEN-WEB-MATERIALES01-300x300.jpg\" alt='' title='IMAGEN-WEB-MATERIALES01'  height=\"300\" width=\"300\"  itemprop=\"thumbnailUrl\" srcset=\"https:\/\/fseal.com\/wp-content\/uploads\/2024\/11\/IMAGEN-WEB-MATERIALES01-300x300.jpg 300w, https:\/\/fseal.com\/wp-content\/uploads\/2024\/11\/IMAGEN-WEB-MATERIALES01-1030x1030.jpg 1030w, https:\/\/fseal.com\/wp-content\/uploads\/2024\/11\/IMAGEN-WEB-MATERIALES01-80x80.jpg 80w, https:\/\/fseal.com\/wp-content\/uploads\/2024\/11\/IMAGEN-WEB-MATERIALES01-768x768.jpg 768w, https:\/\/fseal.com\/wp-content\/uploads\/2024\/11\/IMAGEN-WEB-MATERIALES01-36x36.jpg 36w, https:\/\/fseal.com\/wp-content\/uploads\/2024\/11\/IMAGEN-WEB-MATERIALES01-180x180.jpg 180w, https:\/\/fseal.com\/wp-content\/uploads\/2024\/11\/IMAGEN-WEB-MATERIALES01-705x705.jpg 705w, https:\/\/fseal.com\/wp-content\/uploads\/2024\/11\/IMAGEN-WEB-MATERIALES01.jpg 1080w\" sizes=\"(max-width: 300px) 100vw, 300px\" \/><\/div><\/div><\/div><\/div><br \/>\n<div  class='flex_column av-av_one_full-516b7eac7a9c6cd1b746245801c7486c av_one_full  avia-builder-el-5  el_after_av_one_half  avia-builder-el-last  first flex_column_div  column-top-margin'     ><p><section  class='av_textblock_section av-mb6xd7a0-286f043329da0cb905bb7c781346c940 '   itemscope=\"itemscope\" itemtype=\"https:\/\/schema.org\/CreativeWork\" ><div class='avia_textblock'  itemprop=\"text\" ><p><strong>MATERIAIS PARA JUNTAS DE PTFE<\/strong><\/p>\n<\/div><\/section><br \/>\n<div  class='tabcontainer av-mb6xg3nw-58dee52eb39368b796d5001954a1f031 top_tab  avia-builder-el-7  el_after_av_textblock  avia-builder-el-last '>\n<section class='av_tab_section av_tab_section av-mb6xfsmc-5ed1ea2f9d62259248e6cea12cecfc90'  itemscope=\"itemscope\" itemtype=\"https:\/\/schema.org\/CreativeWork\" ><div id='tab-id-1-tab' class='tab active_tab' role='tab' aria-selected=\"true\" tabindex=\"0\" data-fake-id='#tab-id-1' aria-controls='tab-id-1-content'  itemprop=\"headline\" >1400<\/div><div id='tab-id-1-content' class='tab_content active_tab_content' role='tabpanel' aria-labelledby='tab-id-1-tab' aria-hidden=\"false\"><div class='tab_inner_content invers-color'  itemprop=\"text\" ><ul>\n<li><img decoding=\"async\" class=\"alignright wp-image-4952 size-full\" src=\"https:\/\/fseal.com\/wp-content\/uploads\/2024\/07\/fseal-materiales-1400.webp\" alt=\"1400\" \/>Adicionado con s\u00edlice.<u><\/u><u><\/u><\/li>\n<li>Resist\u00eancia qu\u00edmica superior.<\/li>\n<li>Excelente resist\u00eancia \u00e0 deforma\u00e7\u00e3o.<\/li>\n<li>N\u00e3o sofre envelhecimento. N\u00e3o absorve \u00e1gua.<\/li>\n<li>Boa compressibilidade.<\/li>\n<li>Selabilidade superior em uma ampla faixa de press\u00e3o e temperatura.<\/li>\n<li>N\u00e3o \u00e9 inflam\u00e1vel.<\/li>\n<\/ul>\n<p><a href=\"https:\/\/fseal.com\/wp-content\/uploads\/2024\/07\/1400_06_24_SP.pdf\" target=\"_blank\" rel=\"noopener\"><img loading=\"lazy\" decoding=\"async\" class=\"alignleft wp-image-2688 size-full\" src=\"https:\/\/fseal.com\/wp-content\/uploads\/2013\/10\/pdf_icono.gif\" alt=\"Descargar PDF\" width=\"55\" height=\"55\" \/><\/a><strong><br \/>\n<\/strong><\/p>\n<\/div><\/div><\/section>\n<section class='av_tab_section av_tab_section av-mb6xgqby-d444c454b1dab6f1f130761e73e7f217'  itemscope=\"itemscope\" itemtype=\"https:\/\/schema.org\/CreativeWork\" ><div id='tab-id-2-tab' class='tab' role='tab' aria-selected=\"false\" tabindex=\"0\" data-fake-id='#tab-id-2' aria-controls='tab-id-2-content'  itemprop=\"headline\" >1600<\/div><div id='tab-id-2-content' class='tab_content' role='tabpanel' aria-labelledby='tab-id-2-tab' aria-hidden=\"true\"><div class='tab_inner_content invers-color'  itemprop=\"text\" ><p><img decoding=\"async\" class=\"alignright wp-image-4955 size-full\" style=\"border: 1px solid black; margin-top: 10px; margin-bottom: 10px;\" src=\"https:\/\/fseal.com\/wp-content\/uploads\/2024\/07\/fseal-materiales-1600.webp\" alt=\"1600\" \/><\/p>\n<ul>\n<li>Adicionado com microesferas de vidro.<\/li>\n<li>Resist\u00eancia qu\u00edmica superior<\/li>\n<li>Carga baixa exigida nos parafusos.<\/li>\n<li>N\u00e3o sofre envelhecimento. N\u00e3o molhe. N\u00e3o \u00e9 inflam\u00e1vel.<\/li>\n<li>Excelente compressibilidade<\/li>\n<li>Selabilidade superior em uma ampla faixa de press\u00e3o e temperatura.<\/li>\n<\/ul>\n<p><a href=\"https:\/\/fseal.com\/wp-content\/uploads\/2024\/07\/1600_06_24_SP.pdf\" target=\"_blank\" rel=\"noopener\"><img loading=\"lazy\" decoding=\"async\" class=\"alignleft wp-image-2688 size-full\" src=\"https:\/\/fseal.com\/wp-content\/uploads\/2013\/10\/pdf_icono.gif\" alt=\"Descargar PDF\" width=\"55\" height=\"55\" \/><\/a><strong><br \/>\n<\/strong><\/p>\n<\/div><\/div><\/section>\n<section class='av_tab_section av_tab_section av-mb6xh9n6-e2d604fa98aca19851b1671700bbda06'  itemscope=\"itemscope\" itemtype=\"https:\/\/schema.org\/CreativeWork\" ><div id='tab-id-3-tab' class='tab' role='tab' aria-selected=\"false\" tabindex=\"0\" data-fake-id='#tab-id-3' aria-controls='tab-id-3-content'  itemprop=\"headline\" >1800<\/div><div id='tab-id-3-content' class='tab_content' role='tabpanel' aria-labelledby='tab-id-3-tab' aria-hidden=\"true\"><div class='tab_inner_content invers-color'  itemprop=\"text\" ><p><img decoding=\"async\" class=\"alignright wp-image-4958 size-full\" style=\"border: 1px solid black; margin-top: 10px; margin-bottom: 10px;\" src=\"https:\/\/fseal.com\/wp-content\/uploads\/2024\/07\/fseal-materiales-1800.webp\" alt=\"1800\" \/><\/p>\n<ul>\n<li>Adicionado com sulfato de b\u00e1rio.<\/li>\n<li>Adequado para uso em \u00e1cido fluor\u00eddrico e um amplo espectro de compostos qu\u00edmicos, com exce\u00e7\u00e3o do fluoreto de hidrog\u00eanio l\u00edquido puro.<\/li>\n<li>Adequado para uso em oxig\u00eanio, vapor e ind\u00fastria aliment\u00edcia, pois est\u00e1 em conformidade com as regulamenta\u00e7\u00f5es da FDA21 CFR 177.5500.<\/li>\n<\/ul>\n<p><a href=\"https:\/\/fseal.com\/wp-content\/uploads\/2024\/07\/1800_06_24_SP.pdf\" target=\"_blank\" rel=\"noopener\"><img loading=\"lazy\" decoding=\"async\" class=\"alignleft wp-image-2688 size-full\" src=\"https:\/\/fseal.com\/wp-content\/uploads\/2013\/10\/pdf_icono.gif\" alt=\"Descargar PDF\" width=\"55\" height=\"55\" \/><\/a><strong><br \/>\n<\/strong><\/p>\n<\/div><\/div><\/section>\n<\/div><\/p><\/div><\/p>\n","protected":false},"excerpt":{"rendered":"","protected":false},"author":11,"featured_media":0,"parent":6657,"menu_order":0,"comment_status":"closed","ping_status":"closed","template":"","meta":{"footnotes":""},"class_list":["post-5285","page","type-page","status-publish","hentry"],"yoast_head":"<!-- This site is optimized with the Yoast SEO plugin v27.3 - https:\/\/yoast.com\/product\/yoast-seo-wordpress\/ -->\n<title>FLEXSEAL PTFE - Juntas FlexSeal<\/title>\n<meta name=\"description\" content=\"Fabricantes de productos para Sellado de Fluidos (Estanqueidad), Juntas para Bridas, Diel\u00e9ctricas, RTJ, FLEXPACK, Kits de Aislamiento, Teflon Expandido SEALON, Empaques Espiromet\u00e1licos :: Buenos Aires, Argentina\" \/>\n<meta name=\"robots\" content=\"index, follow, max-snippet:-1, max-image-preview:large, max-video-preview:-1\" \/>\n<link rel=\"canonical\" href=\"https:\/\/fseal.com\/pt-br\/produtos-fseal\/flexseal-ptfe\/\" \/>\n<meta property=\"og:locale\" content=\"pt_BR\" \/>\n<meta property=\"og:type\" content=\"article\" \/>\n<meta property=\"og:title\" content=\"FLEXSEAL PTFE - Juntas FlexSeal\" \/>\n<meta property=\"og:description\" content=\"Fabricantes de productos para Sellado de Fluidos (Estanqueidad), Juntas para Bridas, Diel\u00e9ctricas, RTJ, FLEXPACK, Kits de Aislamiento, Teflon Expandido SEALON, Empaques Espiromet\u00e1licos :: Buenos Aires, Argentina\" \/>\n<meta property=\"og:url\" content=\"https:\/\/fseal.com\/pt-br\/produtos-fseal\/flexseal-ptfe\/\" \/>\n<meta property=\"og:site_name\" content=\"Juntas FlexSeal\" \/>\n<meta property=\"article:modified_time\" content=\"2025-05-27T19:48:33+00:00\" \/>\n<meta property=\"og:image\" content=\"https:\/\/fseal.com\/wp-content\/uploads\/2024\/07\/fseal-materiales-1400.webp\" \/>\n<meta name=\"twitter:label1\" content=\"Est. tempo de leitura\" \/>\n\t<meta name=\"twitter:data1\" content=\"3 minutos\" \/>\n<script type=\"application\/ld+json\" class=\"yoast-schema-graph\">{\"@context\":\"https:\\\/\\\/schema.org\",\"@graph\":[{\"@type\":\"WebPage\",\"@id\":\"https:\\\/\\\/fseal.com\\\/pt-br\\\/produtos-fseal\\\/flexseal-ptfe\\\/\",\"url\":\"https:\\\/\\\/fseal.com\\\/pt-br\\\/produtos-fseal\\\/flexseal-ptfe\\\/\",\"name\":\"FLEXSEAL PTFE - Juntas FlexSeal\",\"isPartOf\":{\"@id\":\"https:\\\/\\\/fseal.com\\\/pt-br\\\/#website\"},\"primaryImageOfPage\":{\"@id\":\"https:\\\/\\\/fseal.com\\\/pt-br\\\/produtos-fseal\\\/flexseal-ptfe\\\/#primaryimage\"},\"image\":{\"@id\":\"https:\\\/\\\/fseal.com\\\/pt-br\\\/produtos-fseal\\\/flexseal-ptfe\\\/#primaryimage\"},\"thumbnailUrl\":\"https:\\\/\\\/fseal.com\\\/wp-content\\\/uploads\\\/2024\\\/07\\\/fseal-materiales-1400.webp\",\"datePublished\":\"2019-07-31T20:14:16+00:00\",\"dateModified\":\"2025-05-27T19:48:33+00:00\",\"description\":\"Fabricantes de productos para Sellado de Fluidos (Estanqueidad), Juntas para Bridas, Diel\u00e9ctricas, RTJ, FLEXPACK, Kits de Aislamiento, Teflon Expandido SEALON, Empaques Espiromet\u00e1licos :: Buenos Aires, Argentina\",\"breadcrumb\":{\"@id\":\"https:\\\/\\\/fseal.com\\\/pt-br\\\/produtos-fseal\\\/flexseal-ptfe\\\/#breadcrumb\"},\"inLanguage\":\"pt-BR\",\"potentialAction\":[{\"@type\":\"ReadAction\",\"target\":[\"https:\\\/\\\/fseal.com\\\/pt-br\\\/produtos-fseal\\\/flexseal-ptfe\\\/\"]}]},{\"@type\":\"ImageObject\",\"inLanguage\":\"pt-BR\",\"@id\":\"https:\\\/\\\/fseal.com\\\/pt-br\\\/produtos-fseal\\\/flexseal-ptfe\\\/#primaryimage\",\"url\":\"https:\\\/\\\/fseal.com\\\/wp-content\\\/uploads\\\/2024\\\/07\\\/fseal-materiales-1400.webp\",\"contentUrl\":\"https:\\\/\\\/fseal.com\\\/wp-content\\\/uploads\\\/2024\\\/07\\\/fseal-materiales-1400.webp\"},{\"@type\":\"BreadcrumbList\",\"@id\":\"https:\\\/\\\/fseal.com\\\/pt-br\\\/produtos-fseal\\\/flexseal-ptfe\\\/#breadcrumb\",\"itemListElement\":[{\"@type\":\"ListItem\",\"position\":1,\"name\":\"Portada\",\"item\":\"https:\\\/\\\/fseal.com\\\/pt-br\\\/inicio\\\/\"},{\"@type\":\"ListItem\",\"position\":2,\"name\":\"Produtos\",\"item\":\"https:\\\/\\\/fseal.com\\\/pt-br\\\/produtos-fseal\\\/\"},{\"@type\":\"ListItem\",\"position\":3,\"name\":\"FLEXSEAL PTFE\"}]},{\"@type\":\"WebSite\",\"@id\":\"https:\\\/\\\/fseal.com\\\/pt-br\\\/#website\",\"url\":\"https:\\\/\\\/fseal.com\\\/pt-br\\\/\",\"name\":\"Juntas FlexSeal\",\"description\":\"Fabricantes de productos para Sellado de Fluidos (Estanqueidad), Juntas para Bridas, Diel\u00e9ctricas, RTJ, FLEXPACK, Kits de Aislamiento, Teflon Expandido SEALON, Empaques Espiromet\u00e1licos :: Buenos Aires, Argentina\",\"potentialAction\":[{\"@type\":\"SearchAction\",\"target\":{\"@type\":\"EntryPoint\",\"urlTemplate\":\"https:\\\/\\\/fseal.com\\\/pt-br\\\/?s={search_term_string}\"},\"query-input\":{\"@type\":\"PropertyValueSpecification\",\"valueRequired\":true,\"valueName\":\"search_term_string\"}}],\"inLanguage\":\"pt-BR\"}]}<\/script>\n<!-- \/ Yoast SEO plugin. -->","yoast_head_json":{"title":"FLEXSEAL PTFE - Juntas FlexSeal","description":"Fabricantes de productos para Sellado de Fluidos (Estanqueidad), Juntas para Bridas, Diel\u00e9ctricas, RTJ, FLEXPACK, Kits de Aislamiento, Teflon Expandido SEALON, Empaques Espiromet\u00e1licos :: Buenos Aires, Argentina","robots":{"index":"index","follow":"follow","max-snippet":"max-snippet:-1","max-image-preview":"max-image-preview:large","max-video-preview":"max-video-preview:-1"},"canonical":"https:\/\/fseal.com\/pt-br\/produtos-fseal\/flexseal-ptfe\/","og_locale":"pt_BR","og_type":"article","og_title":"FLEXSEAL PTFE - Juntas FlexSeal","og_description":"Fabricantes de productos para Sellado de Fluidos (Estanqueidad), Juntas para Bridas, Diel\u00e9ctricas, RTJ, FLEXPACK, Kits de Aislamiento, Teflon Expandido SEALON, Empaques Espiromet\u00e1licos :: Buenos Aires, Argentina","og_url":"https:\/\/fseal.com\/pt-br\/produtos-fseal\/flexseal-ptfe\/","og_site_name":"Juntas FlexSeal","article_modified_time":"2025-05-27T19:48:33+00:00","og_image":[{"url":"https:\/\/fseal.com\/wp-content\/uploads\/2024\/07\/fseal-materiales-1400.webp","type":"","width":"","height":""}],"twitter_misc":{"Est. tempo de leitura":"3 minutos"},"schema":{"@context":"https:\/\/schema.org","@graph":[{"@type":"WebPage","@id":"https:\/\/fseal.com\/pt-br\/produtos-fseal\/flexseal-ptfe\/","url":"https:\/\/fseal.com\/pt-br\/produtos-fseal\/flexseal-ptfe\/","name":"FLEXSEAL PTFE - Juntas FlexSeal","isPartOf":{"@id":"https:\/\/fseal.com\/pt-br\/#website"},"primaryImageOfPage":{"@id":"https:\/\/fseal.com\/pt-br\/produtos-fseal\/flexseal-ptfe\/#primaryimage"},"image":{"@id":"https:\/\/fseal.com\/pt-br\/produtos-fseal\/flexseal-ptfe\/#primaryimage"},"thumbnailUrl":"https:\/\/fseal.com\/wp-content\/uploads\/2024\/07\/fseal-materiales-1400.webp","datePublished":"2019-07-31T20:14:16+00:00","dateModified":"2025-05-27T19:48:33+00:00","description":"Fabricantes de productos para Sellado de Fluidos (Estanqueidad), Juntas para Bridas, Diel\u00e9ctricas, RTJ, FLEXPACK, Kits de Aislamiento, Teflon Expandido SEALON, Empaques Espiromet\u00e1licos :: Buenos Aires, Argentina","breadcrumb":{"@id":"https:\/\/fseal.com\/pt-br\/produtos-fseal\/flexseal-ptfe\/#breadcrumb"},"inLanguage":"pt-BR","potentialAction":[{"@type":"ReadAction","target":["https:\/\/fseal.com\/pt-br\/produtos-fseal\/flexseal-ptfe\/"]}]},{"@type":"ImageObject","inLanguage":"pt-BR","@id":"https:\/\/fseal.com\/pt-br\/produtos-fseal\/flexseal-ptfe\/#primaryimage","url":"https:\/\/fseal.com\/wp-content\/uploads\/2024\/07\/fseal-materiales-1400.webp","contentUrl":"https:\/\/fseal.com\/wp-content\/uploads\/2024\/07\/fseal-materiales-1400.webp"},{"@type":"BreadcrumbList","@id":"https:\/\/fseal.com\/pt-br\/produtos-fseal\/flexseal-ptfe\/#breadcrumb","itemListElement":[{"@type":"ListItem","position":1,"name":"Portada","item":"https:\/\/fseal.com\/pt-br\/inicio\/"},{"@type":"ListItem","position":2,"name":"Produtos","item":"https:\/\/fseal.com\/pt-br\/produtos-fseal\/"},{"@type":"ListItem","position":3,"name":"FLEXSEAL PTFE"}]},{"@type":"WebSite","@id":"https:\/\/fseal.com\/pt-br\/#website","url":"https:\/\/fseal.com\/pt-br\/","name":"Juntas FlexSeal","description":"Fabricantes de productos para Sellado de Fluidos (Estanqueidad), Juntas para Bridas, Diel\u00e9ctricas, RTJ, FLEXPACK, Kits de Aislamiento, Teflon Expandido SEALON, Empaques Espiromet\u00e1licos :: Buenos Aires, Argentina","potentialAction":[{"@type":"SearchAction","target":{"@type":"EntryPoint","urlTemplate":"https:\/\/fseal.com\/pt-br\/?s={search_term_string}"},"query-input":{"@type":"PropertyValueSpecification","valueRequired":true,"valueName":"search_term_string"}}],"inLanguage":"pt-BR"}]}},"_links":{"self":[{"href":"https:\/\/fseal.com\/pt-br\/wp-json\/wp\/v2\/pages\/5285","targetHints":{"allow":["GET"]}}],"collection":[{"href":"https:\/\/fseal.com\/pt-br\/wp-json\/wp\/v2\/pages"}],"about":[{"href":"https:\/\/fseal.com\/pt-br\/wp-json\/wp\/v2\/types\/page"}],"author":[{"embeddable":true,"href":"https:\/\/fseal.com\/pt-br\/wp-json\/wp\/v2\/users\/11"}],"replies":[{"embeddable":true,"href":"https:\/\/fseal.com\/pt-br\/wp-json\/wp\/v2\/comments?post=5285"}],"version-history":[{"count":7,"href":"https:\/\/fseal.com\/pt-br\/wp-json\/wp\/v2\/pages\/5285\/revisions"}],"predecessor-version":[{"id":8872,"href":"https:\/\/fseal.com\/pt-br\/wp-json\/wp\/v2\/pages\/5285\/revisions\/8872"}],"up":[{"embeddable":true,"href":"https:\/\/fseal.com\/pt-br\/wp-json\/wp\/v2\/pages\/6657"}],"wp:attachment":[{"href":"https:\/\/fseal.com\/pt-br\/wp-json\/wp\/v2\/media?parent=5285"}],"curies":[{"name":"wp","href":"https:\/\/api.w.org\/{rel}","templated":true}]}}