{"id":6856,"date":"2023-09-18T17:48:56","date_gmt":"2023-09-18T20:48:56","guid":{"rendered":"https:\/\/fseal.com\/productos-fseal\/juntas-de-expansion-metalicas\/"},"modified":"2025-06-11T14:56:55","modified_gmt":"2025-06-11T17:56:55","slug":"juntas-de-expansion-metalicas","status":"publish","type":"page","link":"https:\/\/fseal.com\/pt-br\/produtos-fseal\/juntas-de-expansion-metalicas\/","title":{"rendered":"JUNTAS DE DILATA\u00c7\u00c3O MET\u00c1LICAS"},"content":{"rendered":"<p>\n<style type=\"text\/css\" data-created_by=\"avia_inline_auto\" id=\"style-css-av-lmpcxlls-d4f49be336c7d4612e03557e3d5951c1\">\n.avia-section.av-lmpcxlls-d4f49be336c7d4612e03557e3d5951c1{\nbackground-repeat:no-repeat;\nbackground-image:url(https:\/\/fseal.com\/wp-content\/uploads\/2023\/09\/juntas-metalicas-1.jpg);\nbackground-position:50% 50%;\nbackground-attachment:fixed;\n}\n<\/style>\n<div id='av_section_1'  class='avia-section av-lmpcxlls-d4f49be336c7d4612e03557e3d5951c1 main_color avia-section-default avia-shadow  avia-builder-el-0  el_before_av_one_full  avia-builder-el-first  avia-full-stretch avia-bg-style-fixed container_wrap sidebar_right'  data-section-bg-repeat='stretch'><div class='container av-section-cont-open' ><main  role=\"main\" itemprop=\"mainContentOfPage\"  class='template-page content  av-content-small alpha units'><div class='post-entry post-entry-type-page post-entry-6856'><div class='entry-content-wrapper clearfix'><\/div><\/div><\/main><!-- close content main element --><\/div><\/div><div id='after_section_1'  class='main_color av_default_container_wrap container_wrap sidebar_right'  ><div class='container av-section-cont-open' ><div class='template-page content  av-content-small alpha units'><div class='post-entry post-entry-type-page post-entry-6856'><div class='entry-content-wrapper clearfix'><br \/>\n<div  class='flex_column av-wg0rag-0f2b1b911a04d58f44f39d9dc6eaee1e av_one_full  avia-builder-el-1  el_after_av_section  el_before_av_one_half  avia-builder-el-first  first flex_column_div  '     ><p>\n<style type=\"text\/css\" data-created_by=\"avia_inline_auto\" id=\"style-css-av-bavclk-efb658a4c50bc5a394e4f0de75a973b3\">\n#top .av-special-heading.av-bavclk-efb658a4c50bc5a394e4f0de75a973b3{\npadding-bottom:10px;\n}\nbody .av-special-heading.av-bavclk-efb658a4c50bc5a394e4f0de75a973b3 .av-special-heading-tag .heading-char{\nfont-size:25px;\n}\n.av-special-heading.av-bavclk-efb658a4c50bc5a394e4f0de75a973b3 .av-subheading{\nfont-size:15px;\n}\n<\/style>\n<div  class='av-special-heading av-bavclk-efb658a4c50bc5a394e4f0de75a973b3 av-special-heading-h2  avia-builder-el-2  el_before_av_textblock  avia-builder-el-first '><h2 class='av-special-heading-tag '  itemprop=\"headline\"  >Juntas de dilata\u00e7\u00e3o met\u00e1licas<\/h2><div class=\"special-heading-border\"><div class=\"special-heading-inner-border\"><\/div><\/div><\/div><br \/>\n<section  class='av_textblock_section av-9ojq6g-845b32f0e0805acce50e5719babc434d '   itemscope=\"itemscope\" itemtype=\"https:\/\/schema.org\/CreativeWork\" ><div class='avia_textblock'  itemprop=\"text\" ><p><strong>CARACTER\u00cdSTICAS E BENEF\u00cdCIOS<\/strong><br \/>\nEsses tipos de pe\u00e7as apresentam diversas vantagens em rela\u00e7\u00e3o a outras alternativas de juntas de dilata\u00e7\u00e3o como borracha, tecido ou pl\u00e1stico, sendo muito mais vers\u00e1teis. Possuem alta resist\u00eancia mec\u00e2nica e t\u00e9rmica. Com a sele\u00e7\u00e3o adequada de metais, eles podem resistir a fluidos quimicamente agressivos. Apostamos em juntas especiais, metais ex\u00f3ticos ou formatos n\u00e3o tradicionais. Ambientes agressivos em termos de corros\u00e3o, fluidos e temperatura s\u00e3o resolvidos com engenharia especializada e alta qualidade de produ\u00e7\u00e3o.<\/p>\n<\/div><\/section><\/p><\/div><br \/>\n<div  class='flex_column av-uw9ihk-5aa3b6ef27c629f11d66f90f585afe9e av_one_half  avia-builder-el-4  el_after_av_one_full  el_before_av_one_half  first flex_column_div  column-top-margin'     ><style type=\"text\/css\" data-created_by=\"avia_inline_auto\" id=\"style-css-av-tlx4rc-582670320b55d635020e3ac4d15e402d\">\n.avia-image-container.av-tlx4rc-582670320b55d635020e3ac4d15e402d img.avia_image{\nbox-shadow:none;\n}\n.avia-image-container.av-tlx4rc-582670320b55d635020e3ac4d15e402d .av-image-caption-overlay-center{\ncolor:#ffffff;\n}\n<\/style>\n<div  class='avia-image-container av-tlx4rc-582670320b55d635020e3ac4d15e402d av-styling- avia-align-center  avia-builder-el-5  avia-builder-el-no-sibling '   itemprop=\"image\" itemscope=\"itemscope\" itemtype=\"https:\/\/schema.org\/ImageObject\" ><div class=\"avia-image-container-inner\"><div class=\"avia-image-overlay-wrap\"><img decoding=\"async\" fetchpriority=\"high\" class='wp-image-6612 avia-img-lazy-loading-not-6612 avia_image ' src=\"https:\/\/fseal.com\/wp-content\/uploads\/2023\/09\/juntas-metalicas-2-495x400.jpg\" alt='' title='juntas metalicas 2'  height=\"400\" width=\"495\"  itemprop=\"thumbnailUrl\" srcset=\"https:\/\/fseal.com\/wp-content\/uploads\/2023\/09\/juntas-metalicas-2-495x400.jpg 495w, https:\/\/fseal.com\/wp-content\/uploads\/2023\/09\/juntas-metalicas-2-845x684.jpg 845w\" sizes=\"(max-width: 495px) 100vw, 495px\" \/><\/div><\/div><\/div><\/div><br \/>\n<div  class='flex_column av-qx7woo-ad264a2c5c1d15545c11ee9681e31b45 av_one_half  avia-builder-el-6  el_after_av_one_half  el_before_av_hr  flex_column_div  column-top-margin'     ><style type=\"text\/css\" data-created_by=\"avia_inline_auto\" id=\"style-css-av-pzb9s8-38c879186674cb687944b7da71791b0b\">\n.avia-image-container.av-pzb9s8-38c879186674cb687944b7da71791b0b img.avia_image{\nbox-shadow:none;\n}\n.avia-image-container.av-pzb9s8-38c879186674cb687944b7da71791b0b .av-image-caption-overlay-center{\ncolor:#ffffff;\n}\n<\/style>\n<div  class='avia-image-container av-pzb9s8-38c879186674cb687944b7da71791b0b av-styling- avia-align-center  avia-builder-el-7  avia-builder-el-no-sibling '   itemprop=\"image\" itemscope=\"itemscope\" itemtype=\"https:\/\/schema.org\/ImageObject\" ><div class=\"avia-image-container-inner\"><div class=\"avia-image-overlay-wrap\"><img decoding=\"async\" fetchpriority=\"high\" class='wp-image-6614 avia-img-lazy-loading-not-6614 avia_image ' src=\"https:\/\/fseal.com\/wp-content\/uploads\/2023\/09\/juntas-metalicas-1-495x400.jpg\" alt='' title='juntas metalicas 1'  height=\"400\" width=\"495\"  itemprop=\"thumbnailUrl\" srcset=\"https:\/\/fseal.com\/wp-content\/uploads\/2023\/09\/juntas-metalicas-1-495x400.jpg 495w, https:\/\/fseal.com\/wp-content\/uploads\/2023\/09\/juntas-metalicas-1-845x684.jpg 845w\" sizes=\"(max-width: 495px) 100vw, 495px\" \/><\/div><\/div><\/div><\/div><br \/>\n<div  class='hr av-2fifs8-14cb499a5a8348fab02de38eb4677e83 hr-default  avia-builder-el-8  el_after_av_one_half  el_before_av_one_full '><span class='hr-inner '><span class=\"hr-inner-style\"><\/span><\/span><\/div><br \/>\n<div  class='flex_column av-mjnr5k-4518ebab35b34d7cfc47a03ef5eb6275 av_one_full  avia-builder-el-9  el_after_av_hr  el_before_av_one_half  first flex_column_div  '     ><section  class='av_textblock_section av-lb08s8-23ebcb6c70909f9c5557ca4f86ea740b '   itemscope=\"itemscope\" itemtype=\"https:\/\/schema.org\/CreativeWork\" ><div class='avia_textblock'  itemprop=\"text\" ><h5>Alloy 59 vs. PTFE<\/h5>\n<p>Na ind\u00fastria qu\u00edmica, as juntas de expans\u00e3o em PTFE e as de borracha revestidas com PTFE s\u00e3o amplamente utilizadas. No entanto, em grande parte dos casos, as juntas fabricadas com Alloy 59 representam uma solu\u00e7\u00e3o t\u00e9cnica e econ\u00f4mica muito superior.<\/p>\n<\/div><\/section><\/div>\n<style type=\"text\/css\" data-created_by=\"avia_inline_auto\" id=\"style-css-av-indllk-60376326617ce23223ddb20e1034f5b7\">\n.flex_column.av-indllk-60376326617ce23223ddb20e1034f5b7{\npadding:0 0 0 0;\n}\n<\/style>\n<div  class='flex_column av-indllk-60376326617ce23223ddb20e1034f5b7 av_one_half  avia-builder-el-11  el_after_av_one_full  el_before_av_one_half  first flex_column_div av-zero-column-padding  column-top-margin'     ><section  class='av_textblock_section av-h6slg8-6e8a90f6a5206052f62d5c84c1ebcffe '   itemscope=\"itemscope\" itemtype=\"https:\/\/schema.org\/CreativeWork\" ><div class='avia_textblock'  itemprop=\"text\" ><h5>Por que escolher Alloy 59 em vez de PTFE?<\/h5>\n<p>O Alloy 59 \u00e9 um a\u00e7o inoxid\u00e1vel de alta liga que oferece elevada resist\u00eancia mec\u00e2nica e excelente resist\u00eancia \u00e0 corros\u00e3o. Apresenta desempenho superior contra a corros\u00e3o por pite (picada) causada por cloretos e contra o rachamento sob tens\u00e3o corrosiva. \u00c9 amplamente utilizado em juntas de expans\u00e3o instaladas em tubula\u00e7\u00f5es que transportam meios \u00e1cidos ou de composi\u00e7\u00e3o qu\u00edmica complexa.<\/p>\n<\/div><\/section><br \/>\n<section  class='av_textblock_section av-5vwqw-d0e65ffa6b0f4a471823afb4a7834ac7 '   itemscope=\"itemscope\" itemtype=\"https:\/\/schema.org\/CreativeWork\" ><div class='avia_textblock'  itemprop=\"text\" ><p>Na tabela, podem ser observados valores \u00fateis das ligas. Lembramos que, quanto maior o PREN, maior a resist\u00eancia \u00e0 corros\u00e3o.<\/p>\n<\/div><\/section><\/p><\/div><div  class='flex_column av-e9bvco-c46020ff74fe5f4d7648fba87382152a av_one_half  avia-builder-el-14  el_after_av_one_half  el_before_av_one_full  flex_column_div  column-top-margin'     ><style type=\"text\/css\" data-created_by=\"avia_inline_auto\" id=\"style-css-av-d5j1k8-344445ebed82d6b0ebb6af62a7ebd116\">\n.avia-image-container.av-d5j1k8-344445ebed82d6b0ebb6af62a7ebd116 img.avia_image{\nbox-shadow:none;\n}\n.avia-image-container.av-d5j1k8-344445ebed82d6b0ebb6af62a7ebd116 .av-image-caption-overlay-center{\ncolor:#ffffff;\n}\n<\/style>\n<div  class='avia-image-container av-d5j1k8-344445ebed82d6b0ebb6af62a7ebd116 av-styling- avia-align-center  avia-builder-el-15  avia-builder-el-no-sibling '   itemprop=\"image\" itemscope=\"itemscope\" itemtype=\"https:\/\/schema.org\/ImageObject\" ><div class=\"avia-image-container-inner\"><div class=\"avia-image-overlay-wrap\"><img decoding=\"async\" fetchpriority=\"high\" class='wp-image-8520 avia-img-lazy-loading-not-8520 avia_image ' src=\"https:\/\/fseal.com\/wp-content\/uploads\/2024\/12\/juntas-metalicas-3-495x400-1.jpg\" alt='' title='juntas-metalicas-3-495x400'  height=\"400\" width=\"495\"  itemprop=\"thumbnailUrl\" srcset=\"https:\/\/fseal.com\/wp-content\/uploads\/2024\/12\/juntas-metalicas-3-495x400-1.jpg 495w, https:\/\/fseal.com\/wp-content\/uploads\/2024\/12\/juntas-metalicas-3-495x400-1-300x242.jpg 300w\" sizes=\"(max-width: 495px) 100vw, 495px\" \/><\/div><\/div><\/div><\/div><br \/>\n\n<style type=\"text\/css\" data-created_by=\"avia_inline_auto\" id=\"style-css-av-b7u97c-5e3d22b8d7c0778eb6c35cc56d9f790b\">\n.flex_column.av-b7u97c-5e3d22b8d7c0778eb6c35cc56d9f790b{\npadding:0 0 0 0;\n}\n<\/style>\n<div  class='flex_column av-b7u97c-5e3d22b8d7c0778eb6c35cc56d9f790b av_one_full  avia-builder-el-16  el_after_av_one_half  el_before_av_one_full  first flex_column_div av-zero-column-padding  column-top-margin'     ><style type=\"text\/css\" data-created_by=\"avia_inline_auto\" id=\"style-css-av-93x254-8ff072e6e7951c15af2abfbd6da8ce34\">\n.avia-image-container.av-93x254-8ff072e6e7951c15af2abfbd6da8ce34 img.avia_image{\nbox-shadow:none;\n}\n.avia-image-container.av-93x254-8ff072e6e7951c15af2abfbd6da8ce34 .av-image-caption-overlay-center{\ncolor:#ffffff;\n}\n<\/style>\n<div  class='avia-image-container av-93x254-8ff072e6e7951c15af2abfbd6da8ce34 av-styling- avia-align-center  avia-builder-el-17  avia-builder-el-no-sibling '   itemprop=\"image\" itemscope=\"itemscope\" itemtype=\"https:\/\/schema.org\/ImageObject\" ><div class=\"avia-image-container-inner\"><div class=\"avia-image-overlay-wrap\"><img decoding=\"async\" fetchpriority=\"high\" class='wp-image-8541 avia-img-lazy-loading-not-8541 avia_image ' src=\"https:\/\/fseal.com\/wp-content\/uploads\/2024\/12\/TABLA-JUNTAS-EXPANSION_Mesa-de-trabajo-1.jpg\" alt='' title='TABLA JUNTAS EXPANSION_Mesa de trabajo 1'  height=\"515\" width=\"1082\"  itemprop=\"thumbnailUrl\" srcset=\"https:\/\/fseal.com\/wp-content\/uploads\/2024\/12\/TABLA-JUNTAS-EXPANSION_Mesa-de-trabajo-1.jpg 1082w, https:\/\/fseal.com\/wp-content\/uploads\/2024\/12\/TABLA-JUNTAS-EXPANSION_Mesa-de-trabajo-1-300x143.jpg 300w, https:\/\/fseal.com\/wp-content\/uploads\/2024\/12\/TABLA-JUNTAS-EXPANSION_Mesa-de-trabajo-1-1030x490.jpg 1030w, https:\/\/fseal.com\/wp-content\/uploads\/2024\/12\/TABLA-JUNTAS-EXPANSION_Mesa-de-trabajo-1-768x366.jpg 768w, https:\/\/fseal.com\/wp-content\/uploads\/2024\/12\/TABLA-JUNTAS-EXPANSION_Mesa-de-trabajo-1-705x336.jpg 705w\" sizes=\"(max-width: 1082px) 100vw, 1082px\" \/><\/div><\/div><\/div><\/div><br \/>\n<div  class='flex_column av-7x6zrs-34900c16a7e7fd367bfa212cd327dde6 av_one_full  avia-builder-el-18  el_after_av_one_full  el_before_av_one_full  first flex_column_div  column-top-margin'     ><section  class='av_textblock_section av-nk9p4-812fa0af12eecbe2692db15dac2caa68 '   itemscope=\"itemscope\" itemtype=\"https:\/\/schema.org\/CreativeWork\" ><div class='avia_textblock'  itemprop=\"text\" ><p>O PTFE apresenta limita\u00e7\u00f5es quanto a tamanhos, faixas de temperatura, faixas de press\u00e3o, flexibilidade de entrega e disponibilidade, pois \u00e9 oferecido por poucos fornecedores. Em contraste, o Alloy 59 oferece vantagens significativas:<\/p>\n<p><strong>Benef\u00edcios ao escolher Alloy 59 em vez de PTFE<\/strong><\/p>\n<ul>\n<li><strong>Maior capacidade de movimento e menores taxas de mola:<\/strong> reduz a carga sobre as ancoragens.<\/li>\n<li><strong>Maior resist\u00eancia a \u00e1cidos.<\/strong><\/li>\n<li><strong>Sem limita\u00e7\u00f5es de tamanho (di\u00e2metro) e formato.<\/strong><\/li>\n<li><strong>Mais econ\u00f4mico que as solu\u00e7\u00f5es e revestimentos de PTFE.<\/strong><\/li>\n<li><strong>Prazos de entrega mais curtos.<\/strong><\/li>\n<li><strong>N\u00e3o requer cobertura externa.<\/strong><\/li>\n<li><strong>Capacidade para suportar press\u00f5es mais altas: at\u00e9 150 bar<\/strong> (pode requerer an\u00e9is de refor\u00e7o, dependendo do projeto, para os quais oferecemos assessoria t\u00e9cnica).<\/li>\n<li><strong>Resist\u00eancia a temperaturas mais altas:<\/strong> at\u00e9 +950\u00b0C.<\/li>\n<\/ul>\n<p><strong>Quem pode se beneficiar ao usar juntas de expans\u00e3o de Alloy 59 em vez de PTFE?<\/strong><br \/>\nTodos os sistemas de tubula\u00e7\u00e3o que transportam meios \u00e1cidos e corrosivos, em ind\u00fastrias como:<\/p>\n<ul>\n<li>Qu\u00edmica.<\/li>\n<li>Plantas de \u00c1cidos.<\/li>\n<li>Ind\u00fastria de Minera\u00e7\u00e3o.<\/li>\n<li>E muitas outras.<\/li>\n<\/ul>\n<\/div><\/section><\/div><div  class='flex_column av-3yq6fc-465070faee39754842ba55b973df6ac7 av_one_full  avia-builder-el-20  el_after_av_one_full  avia-builder-el-last  first flex_column_div  column-top-margin'     ><section  class='av_textblock_section av-210bhk-07cf2eeca7bcbb3f8120f5c1f80a9893 '   itemscope=\"itemscope\" itemtype=\"https:\/\/schema.org\/CreativeWork\" ><div class='avia_textblock'  itemprop=\"text\" ><p style=\"text-align: center;\"><strong>Precisa de suporte t\u00e9cnico ou uma solu\u00e7\u00e3o personalizada?\u00a0<\/strong><br \/>\n<strong><a href=\"https:\/\/wa.me\/5491161390901\" target=\"_blank\" rel=\"noopener\">Fale conosco<\/a><\/strong> ou veja todos os nossos produtos <strong><a class=\"cursor-pointer\" href=\"https:\/\/fseal.com\/pt-br\/productos-fseal\/\" rel=\"noopener\" data-start=\"1018\" data-end=\"1068\">clicando aqui<\/a><\/strong>.<\/p>\n<\/div><\/section><\/div><\/p>\n","protected":false},"excerpt":{"rendered":"","protected":false},"author":11,"featured_media":0,"parent":6657,"menu_order":0,"comment_status":"closed","ping_status":"closed","template":"","meta":{"footnotes":""},"class_list":["post-6856","page","type-page","status-publish","hentry"],"yoast_head":"<!-- This site is optimized with the Yoast SEO plugin v27.3 - https:\/\/yoast.com\/product\/yoast-seo-wordpress\/ -->\n<title>JUNTAS DE DILATA\u00c7\u00c3O MET\u00c1LICAS - Juntas FlexSeal<\/title>\n<meta name=\"description\" content=\"Fabricantes de productos para Sellado de Fluidos, Juntas para Bridas, Diel\u00e9ctricas, RTJ, FLEXPACK, Kits de Aislamiento, Juntas de dilata\u00e7\u00e3o met\u00e1licas\" \/>\n<meta name=\"robots\" content=\"index, follow, max-snippet:-1, max-image-preview:large, max-video-preview:-1\" \/>\n<link rel=\"canonical\" href=\"https:\/\/fseal.com\/pt-br\/produtos-fseal\/juntas-de-expansion-metalicas\/\" \/>\n<meta property=\"og:locale\" content=\"pt_BR\" \/>\n<meta property=\"og:type\" content=\"article\" \/>\n<meta property=\"og:title\" content=\"JUNTAS DE DILATA\u00c7\u00c3O MET\u00c1LICAS - Juntas FlexSeal\" \/>\n<meta property=\"og:description\" content=\"Fabricantes de productos para Sellado de Fluidos, Juntas para Bridas, Diel\u00e9ctricas, RTJ, FLEXPACK, Kits de Aislamiento, Juntas de dilata\u00e7\u00e3o met\u00e1licas\" \/>\n<meta property=\"og:url\" content=\"https:\/\/fseal.com\/pt-br\/produtos-fseal\/juntas-de-expansion-metalicas\/\" \/>\n<meta property=\"og:site_name\" content=\"Juntas FlexSeal\" \/>\n<meta property=\"article:modified_time\" content=\"2025-06-11T17:56:55+00:00\" \/>\n<meta name=\"twitter:label1\" content=\"Est. tempo de leitura\" \/>\n\t<meta name=\"twitter:data1\" content=\"3 minutos\" \/>\n<script type=\"application\/ld+json\" class=\"yoast-schema-graph\">{\"@context\":\"https:\\\/\\\/schema.org\",\"@graph\":[{\"@type\":\"WebPage\",\"@id\":\"https:\\\/\\\/fseal.com\\\/pt-br\\\/produtos-fseal\\\/juntas-de-expansion-metalicas\\\/\",\"url\":\"https:\\\/\\\/fseal.com\\\/pt-br\\\/produtos-fseal\\\/juntas-de-expansion-metalicas\\\/\",\"name\":\"JUNTAS DE DILATA\u00c7\u00c3O MET\u00c1LICAS - Juntas FlexSeal\",\"isPartOf\":{\"@id\":\"https:\\\/\\\/fseal.com\\\/pt-br\\\/#website\"},\"datePublished\":\"2023-09-18T20:48:56+00:00\",\"dateModified\":\"2025-06-11T17:56:55+00:00\",\"description\":\"Fabricantes de productos para Sellado de Fluidos, Juntas para Bridas, Diel\u00e9ctricas, RTJ, FLEXPACK, Kits de Aislamiento, Juntas de dilata\u00e7\u00e3o met\u00e1licas\",\"breadcrumb\":{\"@id\":\"https:\\\/\\\/fseal.com\\\/pt-br\\\/produtos-fseal\\\/juntas-de-expansion-metalicas\\\/#breadcrumb\"},\"inLanguage\":\"pt-BR\",\"potentialAction\":[{\"@type\":\"ReadAction\",\"target\":[\"https:\\\/\\\/fseal.com\\\/pt-br\\\/produtos-fseal\\\/juntas-de-expansion-metalicas\\\/\"]}]},{\"@type\":\"BreadcrumbList\",\"@id\":\"https:\\\/\\\/fseal.com\\\/pt-br\\\/produtos-fseal\\\/juntas-de-expansion-metalicas\\\/#breadcrumb\",\"itemListElement\":[{\"@type\":\"ListItem\",\"position\":1,\"name\":\"Portada\",\"item\":\"https:\\\/\\\/fseal.com\\\/pt-br\\\/inicio\\\/\"},{\"@type\":\"ListItem\",\"position\":2,\"name\":\"Produtos\",\"item\":\"https:\\\/\\\/fseal.com\\\/pt-br\\\/produtos-fseal\\\/\"},{\"@type\":\"ListItem\",\"position\":3,\"name\":\"JUNTAS DE DILATA\u00c7\u00c3O MET\u00c1LICAS\"}]},{\"@type\":\"WebSite\",\"@id\":\"https:\\\/\\\/fseal.com\\\/pt-br\\\/#website\",\"url\":\"https:\\\/\\\/fseal.com\\\/pt-br\\\/\",\"name\":\"Juntas FlexSeal\",\"description\":\"Fabricantes de productos para Sellado de Fluidos (Estanqueidad), Juntas para Bridas, Diel\u00e9ctricas, RTJ, FLEXPACK, Kits de Aislamiento, Teflon Expandido SEALON, Empaques Espiromet\u00e1licos :: Buenos Aires, Argentina\",\"potentialAction\":[{\"@type\":\"SearchAction\",\"target\":{\"@type\":\"EntryPoint\",\"urlTemplate\":\"https:\\\/\\\/fseal.com\\\/pt-br\\\/?s={search_term_string}\"},\"query-input\":{\"@type\":\"PropertyValueSpecification\",\"valueRequired\":true,\"valueName\":\"search_term_string\"}}],\"inLanguage\":\"pt-BR\"}]}<\/script>\n<!-- \/ Yoast SEO plugin. -->","yoast_head_json":{"title":"JUNTAS DE DILATA\u00c7\u00c3O MET\u00c1LICAS - Juntas FlexSeal","description":"Fabricantes de productos para Sellado de Fluidos, Juntas para Bridas, Diel\u00e9ctricas, RTJ, FLEXPACK, Kits de Aislamiento, Juntas de dilata\u00e7\u00e3o met\u00e1licas","robots":{"index":"index","follow":"follow","max-snippet":"max-snippet:-1","max-image-preview":"max-image-preview:large","max-video-preview":"max-video-preview:-1"},"canonical":"https:\/\/fseal.com\/pt-br\/produtos-fseal\/juntas-de-expansion-metalicas\/","og_locale":"pt_BR","og_type":"article","og_title":"JUNTAS DE DILATA\u00c7\u00c3O MET\u00c1LICAS - Juntas FlexSeal","og_description":"Fabricantes de productos para Sellado de Fluidos, Juntas para Bridas, Diel\u00e9ctricas, RTJ, FLEXPACK, Kits de Aislamiento, Juntas de dilata\u00e7\u00e3o met\u00e1licas","og_url":"https:\/\/fseal.com\/pt-br\/produtos-fseal\/juntas-de-expansion-metalicas\/","og_site_name":"Juntas FlexSeal","article_modified_time":"2025-06-11T17:56:55+00:00","twitter_misc":{"Est. tempo de leitura":"3 minutos"},"schema":{"@context":"https:\/\/schema.org","@graph":[{"@type":"WebPage","@id":"https:\/\/fseal.com\/pt-br\/produtos-fseal\/juntas-de-expansion-metalicas\/","url":"https:\/\/fseal.com\/pt-br\/produtos-fseal\/juntas-de-expansion-metalicas\/","name":"JUNTAS DE DILATA\u00c7\u00c3O MET\u00c1LICAS - Juntas FlexSeal","isPartOf":{"@id":"https:\/\/fseal.com\/pt-br\/#website"},"datePublished":"2023-09-18T20:48:56+00:00","dateModified":"2025-06-11T17:56:55+00:00","description":"Fabricantes de productos para Sellado de Fluidos, Juntas para Bridas, Diel\u00e9ctricas, RTJ, FLEXPACK, Kits de Aislamiento, Juntas de dilata\u00e7\u00e3o met\u00e1licas","breadcrumb":{"@id":"https:\/\/fseal.com\/pt-br\/produtos-fseal\/juntas-de-expansion-metalicas\/#breadcrumb"},"inLanguage":"pt-BR","potentialAction":[{"@type":"ReadAction","target":["https:\/\/fseal.com\/pt-br\/produtos-fseal\/juntas-de-expansion-metalicas\/"]}]},{"@type":"BreadcrumbList","@id":"https:\/\/fseal.com\/pt-br\/produtos-fseal\/juntas-de-expansion-metalicas\/#breadcrumb","itemListElement":[{"@type":"ListItem","position":1,"name":"Portada","item":"https:\/\/fseal.com\/pt-br\/inicio\/"},{"@type":"ListItem","position":2,"name":"Produtos","item":"https:\/\/fseal.com\/pt-br\/produtos-fseal\/"},{"@type":"ListItem","position":3,"name":"JUNTAS DE DILATA\u00c7\u00c3O MET\u00c1LICAS"}]},{"@type":"WebSite","@id":"https:\/\/fseal.com\/pt-br\/#website","url":"https:\/\/fseal.com\/pt-br\/","name":"Juntas FlexSeal","description":"Fabricantes de productos para Sellado de Fluidos (Estanqueidad), Juntas para Bridas, Diel\u00e9ctricas, RTJ, FLEXPACK, Kits de Aislamiento, Teflon Expandido SEALON, Empaques Espiromet\u00e1licos :: Buenos Aires, Argentina","potentialAction":[{"@type":"SearchAction","target":{"@type":"EntryPoint","urlTemplate":"https:\/\/fseal.com\/pt-br\/?s={search_term_string}"},"query-input":{"@type":"PropertyValueSpecification","valueRequired":true,"valueName":"search_term_string"}}],"inLanguage":"pt-BR"}]}},"_links":{"self":[{"href":"https:\/\/fseal.com\/pt-br\/wp-json\/wp\/v2\/pages\/6856","targetHints":{"allow":["GET"]}}],"collection":[{"href":"https:\/\/fseal.com\/pt-br\/wp-json\/wp\/v2\/pages"}],"about":[{"href":"https:\/\/fseal.com\/pt-br\/wp-json\/wp\/v2\/types\/page"}],"author":[{"embeddable":true,"href":"https:\/\/fseal.com\/pt-br\/wp-json\/wp\/v2\/users\/11"}],"replies":[{"embeddable":true,"href":"https:\/\/fseal.com\/pt-br\/wp-json\/wp\/v2\/comments?post=6856"}],"version-history":[{"count":4,"href":"https:\/\/fseal.com\/pt-br\/wp-json\/wp\/v2\/pages\/6856\/revisions"}],"predecessor-version":[{"id":9217,"href":"https:\/\/fseal.com\/pt-br\/wp-json\/wp\/v2\/pages\/6856\/revisions\/9217"}],"up":[{"embeddable":true,"href":"https:\/\/fseal.com\/pt-br\/wp-json\/wp\/v2\/pages\/6657"}],"wp:attachment":[{"href":"https:\/\/fseal.com\/pt-br\/wp-json\/wp\/v2\/media?parent=6856"}],"curies":[{"name":"wp","href":"https:\/\/api.w.org\/{rel}","templated":true}]}}