{"id":8885,"date":"2025-06-01T20:20:55","date_gmt":"2025-06-01T23:20:55","guid":{"rendered":"https:\/\/fseal.com\/?page_id=8885"},"modified":"2025-06-11T15:18:55","modified_gmt":"2025-06-11T18:18:55","slug":"prisioneiros","status":"publish","type":"page","link":"https:\/\/fseal.com\/pt-br\/produtos-fseal\/prisioneiros\/","title":{"rendered":"PRISIONEIROS"},"content":{"rendered":"<p>\n<style type=\"text\/css\" data-created_by=\"avia_inline_auto\" id=\"style-css-av-981mxh-1389b71629f71c2d09e332ba1d62b44f\">\n.avia-section.av-981mxh-1389b71629f71c2d09e332ba1d62b44f{\nbackground-repeat:no-repeat;\nbackground-image:url(https:\/\/fseal.com\/wp-content\/uploads\/2023\/09\/Esparragos.jpg);\nbackground-position:50% 0%;\nbackground-attachment:fixed;\n}\n<\/style>\n<div id='av_section_1'  class='avia-section av-981mxh-1389b71629f71c2d09e332ba1d62b44f main_color avia-section-default avia-shadow  avia-builder-el-0  el_before_av_one_half  avia-builder-el-first  avia-full-stretch avia-bg-style-fixed container_wrap sidebar_right'  data-section-bg-repeat='stretch'><div class='container av-section-cont-open' ><main  role=\"main\" itemprop=\"mainContentOfPage\"  class='template-page content  av-content-small alpha units'><div class='post-entry post-entry-type-page post-entry-8885'><div class='entry-content-wrapper clearfix'><\/div><\/div><\/main><!-- close content main element --><\/div><\/div><div id='after_section_1'  class='main_color av_default_container_wrap container_wrap sidebar_right'  ><div class='container av-section-cont-open' ><div class='template-page content  av-content-small alpha units'><div class='post-entry post-entry-type-page post-entry-8885'><div class='entry-content-wrapper clearfix'><br \/>\n<div  class='flex_column av-7mknwl-99103837a4bc535743f1ab8593349641 av_one_half  avia-builder-el-1  el_after_av_section  el_before_av_one_half  avia-builder-el-first  first flex_column_div  '     ><section  class='av_textblock_section av-mbeacf01-a9329ee4e9a794715b8071be61fa5d97 '   itemscope=\"itemscope\" itemtype=\"https:\/\/schema.org\/CreativeWork\" ><div class='avia_textblock'  itemprop=\"text\" ><h3><strong>PRISIONEIROS\u00a0E PORCAS<\/strong><\/h3>\n<p>Fabricados em todos os materiais dispon\u00edveis: a\u00e7os ligados, a\u00e7os inoxid\u00e1veis, duplex, superduplex, ligas de n\u00edquel e outros.<br \/>\nDispomos de estoque imediato nas medidas mais comuns, de acordo com as normas ASTM usuais:<br \/>\n<strong>A-193, A-276, A-320, A-307, A-325, A-449, A-490, A-453.<\/strong><br \/>\nPodem ser fabricados conforme outras normas ou de acordo com os requisitos do cliente.<br \/>\nArruelas de a\u00e7o temperado com alto teor de carbono conforme norma ASTM F-436.<\/p>\n<\/div><\/section><\/div>\n<style type=\"text\/css\" data-created_by=\"avia_inline_auto\" id=\"style-css-av-5v7pph-3fef49479be3c8957bbacc452b8405b2\">\n.flex_column.av-5v7pph-3fef49479be3c8957bbacc452b8405b2{\nborder-radius:0px 0px 0px 0px;\npadding:0px 0px 0px 0px;\n}\n<\/style>\n<div  class='flex_column av-5v7pph-3fef49479be3c8957bbacc452b8405b2 av_one_half  avia-builder-el-3  el_after_av_one_half  el_before_av_one_full  flex_column_div av-zero-column-padding  '     ><style type=\"text\/css\" data-created_by=\"avia_inline_auto\" id=\"style-css-av-3y0ps5-e8bc2fd2ecadaecac2d18a5001c17a13\">\n.avia-image-container.av-3y0ps5-e8bc2fd2ecadaecac2d18a5001c17a13 img.avia_image{\nbox-shadow:none;\n}\n.avia-image-container.av-3y0ps5-e8bc2fd2ecadaecac2d18a5001c17a13 .av-image-caption-overlay-center{\ncolor:#ffffff;\n}\n<\/style>\n<div  class='avia-image-container av-3y0ps5-e8bc2fd2ecadaecac2d18a5001c17a13 av-styling- avia-align-center  avia-builder-el-4  avia-builder-el-no-sibling '   itemprop=\"image\" itemscope=\"itemscope\" itemtype=\"https:\/\/schema.org\/ImageObject\" ><div class=\"avia-image-container-inner\"><div class=\"avia-image-overlay-wrap\"><img decoding=\"async\" fetchpriority=\"high\" class='wp-image-8842 avia-img-lazy-loading-not-8842 avia_image ' src=\"https:\/\/fseal.com\/wp-content\/uploads\/2025\/05\/Esparragos.jpg\" alt='' title='Esparragos'  height=\"378\" width=\"399\"  itemprop=\"thumbnailUrl\" srcset=\"https:\/\/fseal.com\/wp-content\/uploads\/2025\/05\/Esparragos.jpg 399w, https:\/\/fseal.com\/wp-content\/uploads\/2025\/05\/Esparragos-300x284.jpg 300w\" sizes=\"(max-width: 399px) 100vw, 399px\" \/><\/div><\/div><\/div><\/div><br \/>\n<div  class='flex_column av-2wiu3p-cc1862b6e5802b3991f9c6d8db7f0f75 av_one_full  avia-builder-el-5  el_after_av_one_half  avia-builder-el-last  first flex_column_div  column-top-margin'     ><section  class='av_textblock_section av-mbeaeuer-2413bc1b02bbe260a5624336e9e8f776 '   itemscope=\"itemscope\" itemtype=\"https:\/\/schema.org\/CreativeWork\" ><div class='avia_textblock'  itemprop=\"text\" ><h3><strong>PRISIONEIROS EM A\u00c7OS INOXID\u00c1VEIS<\/strong><\/h3>\n<p data-start=\"94\" data-end=\"333\">\u00c9 muito comum que em diversas ind\u00fastrias seja necess\u00e1rio utilizar <span class=\"TextRun Highlight SCXW159840651 BCX8\" lang=\"PT-BR\" xml:lang=\"PT-BR\" data-contrast=\"auto\"><span class=\"NormalTextRun SCXW159840651 BCX8\">Prisioneiros<\/span><\/span><span class=\"EOP SCXW159840651 BCX8\" data-ccp-props=\"{&quot;335559685&quot;:720}\">\u00a0<\/span>de a\u00e7os inoxid\u00e1veis. Na ind\u00fastria aliment\u00edcia, na minera\u00e7\u00e3o de l\u00edtio e em qualquer ambiente corrosivo e quimicamente agressivo, essa ser\u00e1 a op\u00e7\u00e3o mais adequada.<\/p>\n<p data-start=\"335\" data-end=\"818\">Quanto \u00e0s normas, a <strong data-start=\"355\" data-end=\"369\">ASTM A-193<\/strong> \u00e9 a mais utilizada, e nela encontramos os graus <strong data-start=\"418\" data-end=\"432\">B8 (SS304)<\/strong> e <strong data-start=\"435\" data-end=\"450\">B8M (SS316)<\/strong>. No entanto, algo que costuma passar despercebido \u00e9 que para cada um desses graus existem duas classes: <strong data-start=\"555\" data-end=\"565\">I e II<\/strong>. A diferen\u00e7a principal est\u00e1 no seu <strong data-start=\"601\" data-end=\"642\">limite de escoamento (yield strength)<\/strong>, ou seja, sua resist\u00eancia mec\u00e2nica.<br data-start=\"678\" data-end=\"681\" \/>Nos da classe I, esse limite \u00e9 de <strong data-start=\"715\" data-end=\"729\" data-is-only-node=\"\">30.000 psi<\/strong>, enquanto nos da classe II varia entre <strong data-start=\"769\" data-end=\"793\">50.000 e 100.000 psi<\/strong>, dependendo do di\u00e2metro.<\/p>\n<p data-start=\"820\" data-end=\"1278\">Essa diferen\u00e7a \u00e9 extremamente importante para definir qual tipo de veda\u00e7\u00e3o poder\u00e1 ser utilizado, pois nos de classe I as op\u00e7\u00f5es s\u00e3o muito limitadas, j\u00e1 que a compress\u00e3o na junta que se consegue atingir \u00e9 muito baixa.<br data-start=\"1036\" data-end=\"1039\" \/>Por isso, recomendamos que, sempre que poss\u00edvel, se utilize a <strong data-start=\"1101\" data-end=\"1114\">classe II<\/strong>.<br data-start=\"1115\" data-end=\"1118\" \/>Se voc\u00ea j\u00e1 tem instalados <span class=\"TextRun Highlight SCXW159840651 BCX8\" lang=\"PT-BR\" xml:lang=\"PT-BR\" data-contrast=\"auto\"><span class=\"NormalTextRun SCXW159840651 BCX8\">Prisioneiros<\/span><\/span><span class=\"EOP SCXW159840651 BCX8\" data-ccp-props=\"{&quot;335559685&quot;:720}\">\u00a0<\/span>da <strong data-start=\"1160\" data-end=\"1172\">classe I<\/strong>, recomendamos que entre em contato conosco \u2014 iremos orient\u00e1-lo sobre as op\u00e7\u00f5es de veda\u00e7\u00e3o mais adequadas.<\/p>\n<\/div><\/section><\/div><\/p>\n","protected":false},"excerpt":{"rendered":"","protected":false},"author":6,"featured_media":0,"parent":6657,"menu_order":0,"comment_status":"closed","ping_status":"closed","template":"","meta":{"footnotes":""},"class_list":["post-8885","page","type-page","status-publish","hentry"],"yoast_head":"<!-- This site is optimized with the Yoast SEO plugin v27.1.1 - https:\/\/yoast.com\/product\/yoast-seo-wordpress\/ -->\n<title>PRISIONEIROS - Juntas FlexSeal<\/title>\n<meta name=\"description\" content=\"Fabricantes de produtos para Veda\u00e7\u00e3o de Fluidos, Juntas para Flanges, Diel\u00e9tricas, RTJ, FLEXPACK, Kits de Isolamento. Prisioneiros\" \/>\n<meta name=\"robots\" content=\"index, follow, max-snippet:-1, max-image-preview:large, max-video-preview:-1\" \/>\n<link rel=\"canonical\" href=\"https:\/\/fseal.com\/pt-br\/produtos-fseal\/prisioneiros\/\" \/>\n<meta property=\"og:locale\" content=\"pt_BR\" \/>\n<meta property=\"og:type\" content=\"article\" \/>\n<meta property=\"og:title\" content=\"PRISIONEIROS - Juntas FlexSeal\" \/>\n<meta property=\"og:description\" content=\"Fabricantes de produtos para Veda\u00e7\u00e3o de Fluidos, Juntas para Flanges, Diel\u00e9tricas, RTJ, FLEXPACK, Kits de Isolamento. Prisioneiros\" \/>\n<meta property=\"og:url\" content=\"https:\/\/fseal.com\/pt-br\/produtos-fseal\/prisioneiros\/\" \/>\n<meta property=\"og:site_name\" content=\"Juntas FlexSeal\" \/>\n<meta property=\"article:modified_time\" content=\"2025-06-11T18:18:55+00:00\" \/>\n<meta name=\"twitter:label1\" content=\"Est. tempo de leitura\" \/>\n\t<meta name=\"twitter:data1\" content=\"2 minutos\" \/>\n<script type=\"application\/ld+json\" class=\"yoast-schema-graph\">{\"@context\":\"https:\/\/schema.org\",\"@graph\":[{\"@type\":\"WebPage\",\"@id\":\"https:\/\/fseal.com\/pt-br\/produtos-fseal\/prisioneiros\/\",\"url\":\"https:\/\/fseal.com\/pt-br\/produtos-fseal\/prisioneiros\/\",\"name\":\"PRISIONEIROS - Juntas FlexSeal\",\"isPartOf\":{\"@id\":\"https:\/\/fseal.com\/pt-br\/#website\"},\"datePublished\":\"2025-06-01T23:20:55+00:00\",\"dateModified\":\"2025-06-11T18:18:55+00:00\",\"description\":\"Fabricantes de produtos para Veda\u00e7\u00e3o de Fluidos, Juntas para Flanges, Diel\u00e9tricas, RTJ, FLEXPACK, Kits de Isolamento. Prisioneiros\",\"breadcrumb\":{\"@id\":\"https:\/\/fseal.com\/pt-br\/produtos-fseal\/prisioneiros\/#breadcrumb\"},\"inLanguage\":\"pt-BR\",\"potentialAction\":[{\"@type\":\"ReadAction\",\"target\":[\"https:\/\/fseal.com\/pt-br\/produtos-fseal\/prisioneiros\/\"]}]},{\"@type\":\"BreadcrumbList\",\"@id\":\"https:\/\/fseal.com\/pt-br\/produtos-fseal\/prisioneiros\/#breadcrumb\",\"itemListElement\":[{\"@type\":\"ListItem\",\"position\":1,\"name\":\"Portada\",\"item\":\"https:\/\/fseal.com\/pt-br\/inicio\/\"},{\"@type\":\"ListItem\",\"position\":2,\"name\":\"Produtos\",\"item\":\"https:\/\/fseal.com\/pt-br\/produtos-fseal\/\"},{\"@type\":\"ListItem\",\"position\":3,\"name\":\"PRISIONEIROS\"}]},{\"@type\":\"WebSite\",\"@id\":\"https:\/\/fseal.com\/pt-br\/#website\",\"url\":\"https:\/\/fseal.com\/pt-br\/\",\"name\":\"Juntas FlexSeal\",\"description\":\"Fabricantes de productos para Sellado de Fluidos (Estanqueidad), Juntas para Bridas, Diel\u00e9ctricas, RTJ, FLEXPACK, Kits de Aislamiento, Teflon Expandido SEALON, Empaques Espiromet\u00e1licos :: Buenos Aires, Argentina\",\"potentialAction\":[{\"@type\":\"SearchAction\",\"target\":{\"@type\":\"EntryPoint\",\"urlTemplate\":\"https:\/\/fseal.com\/pt-br\/?s={search_term_string}\"},\"query-input\":{\"@type\":\"PropertyValueSpecification\",\"valueRequired\":true,\"valueName\":\"search_term_string\"}}],\"inLanguage\":\"pt-BR\"}]}<\/script>\n<!-- \/ Yoast SEO plugin. -->","yoast_head_json":{"title":"PRISIONEIROS - Juntas FlexSeal","description":"Fabricantes de produtos para Veda\u00e7\u00e3o de Fluidos, Juntas para Flanges, Diel\u00e9tricas, RTJ, FLEXPACK, Kits de Isolamento. Prisioneiros","robots":{"index":"index","follow":"follow","max-snippet":"max-snippet:-1","max-image-preview":"max-image-preview:large","max-video-preview":"max-video-preview:-1"},"canonical":"https:\/\/fseal.com\/pt-br\/produtos-fseal\/prisioneiros\/","og_locale":"pt_BR","og_type":"article","og_title":"PRISIONEIROS - Juntas FlexSeal","og_description":"Fabricantes de produtos para Veda\u00e7\u00e3o de Fluidos, Juntas para Flanges, Diel\u00e9tricas, RTJ, FLEXPACK, Kits de Isolamento. Prisioneiros","og_url":"https:\/\/fseal.com\/pt-br\/produtos-fseal\/prisioneiros\/","og_site_name":"Juntas FlexSeal","article_modified_time":"2025-06-11T18:18:55+00:00","twitter_misc":{"Est. tempo de leitura":"2 minutos"},"schema":{"@context":"https:\/\/schema.org","@graph":[{"@type":"WebPage","@id":"https:\/\/fseal.com\/pt-br\/produtos-fseal\/prisioneiros\/","url":"https:\/\/fseal.com\/pt-br\/produtos-fseal\/prisioneiros\/","name":"PRISIONEIROS - Juntas FlexSeal","isPartOf":{"@id":"https:\/\/fseal.com\/pt-br\/#website"},"datePublished":"2025-06-01T23:20:55+00:00","dateModified":"2025-06-11T18:18:55+00:00","description":"Fabricantes de produtos para Veda\u00e7\u00e3o de Fluidos, Juntas para Flanges, Diel\u00e9tricas, RTJ, FLEXPACK, Kits de Isolamento. Prisioneiros","breadcrumb":{"@id":"https:\/\/fseal.com\/pt-br\/produtos-fseal\/prisioneiros\/#breadcrumb"},"inLanguage":"pt-BR","potentialAction":[{"@type":"ReadAction","target":["https:\/\/fseal.com\/pt-br\/produtos-fseal\/prisioneiros\/"]}]},{"@type":"BreadcrumbList","@id":"https:\/\/fseal.com\/pt-br\/produtos-fseal\/prisioneiros\/#breadcrumb","itemListElement":[{"@type":"ListItem","position":1,"name":"Portada","item":"https:\/\/fseal.com\/pt-br\/inicio\/"},{"@type":"ListItem","position":2,"name":"Produtos","item":"https:\/\/fseal.com\/pt-br\/produtos-fseal\/"},{"@type":"ListItem","position":3,"name":"PRISIONEIROS"}]},{"@type":"WebSite","@id":"https:\/\/fseal.com\/pt-br\/#website","url":"https:\/\/fseal.com\/pt-br\/","name":"Juntas FlexSeal","description":"Fabricantes de productos para Sellado de Fluidos (Estanqueidad), Juntas para Bridas, Diel\u00e9ctricas, RTJ, FLEXPACK, Kits de Aislamiento, Teflon Expandido SEALON, Empaques Espiromet\u00e1licos :: Buenos Aires, Argentina","potentialAction":[{"@type":"SearchAction","target":{"@type":"EntryPoint","urlTemplate":"https:\/\/fseal.com\/pt-br\/?s={search_term_string}"},"query-input":{"@type":"PropertyValueSpecification","valueRequired":true,"valueName":"search_term_string"}}],"inLanguage":"pt-BR"}]}},"_links":{"self":[{"href":"https:\/\/fseal.com\/pt-br\/wp-json\/wp\/v2\/pages\/8885","targetHints":{"allow":["GET"]}}],"collection":[{"href":"https:\/\/fseal.com\/pt-br\/wp-json\/wp\/v2\/pages"}],"about":[{"href":"https:\/\/fseal.com\/pt-br\/wp-json\/wp\/v2\/types\/page"}],"author":[{"embeddable":true,"href":"https:\/\/fseal.com\/pt-br\/wp-json\/wp\/v2\/users\/6"}],"replies":[{"embeddable":true,"href":"https:\/\/fseal.com\/pt-br\/wp-json\/wp\/v2\/comments?post=8885"}],"version-history":[{"count":7,"href":"https:\/\/fseal.com\/pt-br\/wp-json\/wp\/v2\/pages\/8885\/revisions"}],"predecessor-version":[{"id":9226,"href":"https:\/\/fseal.com\/pt-br\/wp-json\/wp\/v2\/pages\/8885\/revisions\/9226"}],"up":[{"embeddable":true,"href":"https:\/\/fseal.com\/pt-br\/wp-json\/wp\/v2\/pages\/6657"}],"wp:attachment":[{"href":"https:\/\/fseal.com\/pt-br\/wp-json\/wp\/v2\/media?parent=8885"}],"curies":[{"name":"wp","href":"https:\/\/api.w.org\/{rel}","templated":true}]}}