{"id":8894,"date":"2025-06-01T20:35:24","date_gmt":"2025-06-01T23:35:24","guid":{"rendered":"https:\/\/fseal.com\/?page_id=8894"},"modified":"2025-06-11T15:20:35","modified_gmt":"2025-06-11T18:20:35","slug":"flanges-industriais","status":"publish","type":"page","link":"https:\/\/fseal.com\/pt-br\/produtos-fseal\/flanges-industriais\/","title":{"rendered":"FLANGES"},"content":{"rendered":"<p>\n<style type=\"text\/css\" data-created_by=\"avia_inline_auto\" id=\"style-css-av-7hqu72-213148b3e94def32c1540f86b0720bfa\">\n.avia-section.av-7hqu72-213148b3e94def32c1540f86b0720bfa{\nbackground-repeat:no-repeat;\nbackground-image:url(https:\/\/fseal.com\/wp-content\/uploads\/2023\/09\/Bridas-1-180x180.jpg);\nbackground-position:50% 0%;\nbackground-attachment:fixed;\n}\n<\/style>\n<div id='av_section_1'  class='avia-section av-7hqu72-213148b3e94def32c1540f86b0720bfa main_color avia-section-default avia-shadow  avia-builder-el-0  el_before_av_one_half  avia-builder-el-first  avia-full-stretch avia-bg-style-fixed container_wrap sidebar_right'  data-section-bg-repeat='stretch'><div class='container av-section-cont-open' ><main  role=\"main\" itemprop=\"mainContentOfPage\"  class='template-page content  av-content-small alpha units'><div class='post-entry post-entry-type-page post-entry-8894'><div class='entry-content-wrapper clearfix'><\/div><\/div><\/main><!-- close content main element --><\/div><\/div><div id='after_section_1'  class='main_color av_default_container_wrap container_wrap sidebar_right'  ><div class='container av-section-cont-open' ><div class='template-page content  av-content-small alpha units'><div class='post-entry post-entry-type-page post-entry-8894'><div class='entry-content-wrapper clearfix'><br \/>\n<div  class='flex_column av-65pstq-bcc1bb83ea71e9821a5d8cf7cf0c6f89 av_one_half  avia-builder-el-1  el_after_av_section  el_before_av_one_half  avia-builder-el-first  first flex_column_div  '     ><section  class='av_textblock_section av-mbeb05lm-a5c167683775a61bf8862e8b98debdae '   itemscope=\"itemscope\" itemtype=\"https:\/\/schema.org\/CreativeWork\" ><div class='avia_textblock'  itemprop=\"text\" ><h3><strong>FLANGES INDUSTRIAIS<\/strong><\/h3>\n<p data-start=\"56\" data-end=\"480\">A flange \u00e9 o elemento que une dois componentes de um sistema de tubula\u00e7\u00e3o, permitindo sua desmontagem sem opera\u00e7\u00f5es destrutivas, gra\u00e7as a um c\u00edrculo de furos pelos quais s\u00e3o montados os parafusos de uni\u00e3o. As flanges industriais s\u00e3o elementos da linha de tubula\u00e7\u00e3o destinados a permitir a uni\u00e3o das partes que comp\u00f5em a instala\u00e7\u00e3o, sejam elas tubula\u00e7\u00f5es, v\u00e1lvulas, bombas ou outros equipamentos que fa\u00e7am parte do sistema.<\/p>\n<p data-start=\"482\" data-end=\"714\">A flange pode ser fornecida como uma pe\u00e7a separada ou j\u00e1 integrada de f\u00e1brica a um elemento para instala\u00e7\u00e3o, como uma v\u00e1lvula ou tubo, por exemplo. Existe uma grande variedade de designs, dimens\u00f5es, materiais e normas de fabrica\u00e7\u00e3o.<\/p>\n<p><strong>Tipos de flanges industriais<\/strong><br \/>\nOs modelos de flanges mais comuns s\u00e3o:<\/p>\n<ul>\n<li>Flanges API 6A (6B e 6BX)<\/li>\n<li>Flanges com pesco\u00e7o para solda (Welding Neck)<\/li>\n<li>Flanges soltas (Lap Joint)<\/li>\n<li>Flanges de encaixe para solda (Socket Welding)<\/li>\n<li>Flanges roscadas<\/li>\n<li>Flanges cegas<\/li>\n<li>Flanges Slip-On<\/li>\n<li>Flanges Long Welding Neck<\/li>\n<li>Flanges de ancoragem (Anchor Flanges)<\/li>\n<li>Flanges de dupla fixa\u00e7\u00e3o com <span data-teams=\"true\">Estojos<\/span>(Double Studded Flanges)v<\/li>\n<li>Flanges AWWA<\/li>\n<\/ul>\n<p><strong>Tipos de faces<\/strong><br \/>\nAs faces das flanges s\u00e3o fabricadas com dimens\u00f5es padronizadas. As faces padr\u00e3o mais comuns s\u00e3o:<\/p>\n<ul>\n<li>Face plana (Flat Face \u2013 FF)<\/li>\n<li>Face elevada (Raised Face \u2013 RF)<\/li>\n<li>Face com anel (Ring Type Joint \u2013 RTJ)<\/li>\n<\/ul>\n<\/div><\/section><\/div>\n<style type=\"text\/css\" data-created_by=\"avia_inline_auto\" id=\"style-css-av-4x17vi-59e1c374b4619b4c2eeec5f2258b3e9c\">\n.flex_column.av-4x17vi-59e1c374b4619b4c2eeec5f2258b3e9c{\nborder-radius:0px 0px 0px 0px;\npadding:0px 0px 0px 0px;\n}\n<\/style>\n<div  class='flex_column av-4x17vi-59e1c374b4619b4c2eeec5f2258b3e9c av_one_half  avia-builder-el-3  el_after_av_one_half  el_before_av_one_full  flex_column_div av-zero-column-padding  '     ><style type=\"text\/css\" data-created_by=\"avia_inline_auto\" id=\"style-css-av-34pz3y-3715c2e24cf0cd5427494d5262a8870b\">\n.avia-image-container.av-34pz3y-3715c2e24cf0cd5427494d5262a8870b img.avia_image{\nbox-shadow:none;\n}\n.avia-image-container.av-34pz3y-3715c2e24cf0cd5427494d5262a8870b .av-image-caption-overlay-center{\ncolor:#ffffff;\n}\n<\/style>\n<div  class='avia-image-container av-34pz3y-3715c2e24cf0cd5427494d5262a8870b av-styling- avia-align-center  avia-builder-el-4  avia-builder-el-no-sibling '   itemprop=\"image\" itemscope=\"itemscope\" itemtype=\"https:\/\/schema.org\/ImageObject\" ><div class=\"avia-image-container-inner\"><div class=\"avia-image-overlay-wrap\"><img decoding=\"async\" fetchpriority=\"high\" class='wp-image-7732 avia-img-lazy-loading-not-7732 avia_image ' src=\"https:\/\/fseal.com\/wp-content\/uploads\/2024\/10\/Bridas.jpg\" alt='Bridas Industriales' title='Bridas'  height=\"378\" width=\"399\"  itemprop=\"thumbnailUrl\" srcset=\"https:\/\/fseal.com\/wp-content\/uploads\/2024\/10\/Bridas.jpg 399w, https:\/\/fseal.com\/wp-content\/uploads\/2024\/10\/Bridas-300x284.jpg 300w\" sizes=\"(max-width: 399px) 100vw, 399px\" \/><\/div><\/div><\/div><\/div><br \/>\n<div  class='flex_column av-276766-7d50dac869476aeea9e057107bd73297 av_one_full  avia-builder-el-5  el_after_av_one_half  avia-builder-el-last  first flex_column_div  column-top-margin'     ><section  class='av_textblock_section av-mbefebqw-25ab5a260bf4dbf63abbb775709fa795 '   itemscope=\"itemscope\" itemtype=\"https:\/\/schema.org\/CreativeWork\" ><div class='avia_textblock'  itemprop=\"text\" ><p style=\"text-align: center;\"><strong>Precisa de suporte t\u00e9cnico ou uma solu\u00e7\u00e3o personalizada?\u00a0<\/strong><br \/>\n<strong><a href=\"https:\/\/wa.me\/5491161390901\" target=\"_blank\" rel=\"noopener\">Fale conosco<\/a><\/strong> ou veja todos os nossos produtos <strong><a class=\"cursor-pointer\" href=\"https:\/\/fseal.com\/pt-br\/productos-fseal\/\" rel=\"noopener\" data-start=\"1018\" data-end=\"1068\">clicando aqui<\/a><\/strong>.<\/p>\n<\/div><\/section><\/div><\/p>\n","protected":false},"excerpt":{"rendered":"","protected":false},"author":6,"featured_media":0,"parent":6657,"menu_order":0,"comment_status":"closed","ping_status":"closed","template":"","meta":{"footnotes":""},"class_list":["post-8894","page","type-page","status-publish","hentry"],"yoast_head":"<!-- This site is optimized with the Yoast SEO plugin v27.3 - https:\/\/yoast.com\/product\/yoast-seo-wordpress\/ -->\n<title>FLANGES - Juntas FlexSeal<\/title>\n<meta name=\"description\" content=\"Flanges industriais em diversos materiais e normas: API, AWWA, ANSI. Tipos Welding Neck, Slip-On, cegas e mais. Alta durabilidade. Argentina.\" \/>\n<meta name=\"robots\" content=\"index, follow, max-snippet:-1, max-image-preview:large, max-video-preview:-1\" \/>\n<link rel=\"canonical\" href=\"https:\/\/fseal.com\/pt-br\/produtos-fseal\/flanges-industriais\/\" \/>\n<meta property=\"og:locale\" content=\"pt_BR\" \/>\n<meta property=\"og:type\" content=\"article\" \/>\n<meta property=\"og:title\" content=\"FLANGES - Juntas FlexSeal\" \/>\n<meta property=\"og:description\" content=\"Flanges industriais em diversos materiais e normas: API, AWWA, ANSI. Tipos Welding Neck, Slip-On, cegas e mais. Alta durabilidade. Argentina.\" \/>\n<meta property=\"og:url\" content=\"https:\/\/fseal.com\/pt-br\/produtos-fseal\/flanges-industriais\/\" \/>\n<meta property=\"og:site_name\" content=\"Juntas FlexSeal\" \/>\n<meta property=\"article:modified_time\" content=\"2025-06-11T18:20:35+00:00\" \/>\n<meta name=\"twitter:label1\" content=\"Est. tempo de leitura\" \/>\n\t<meta name=\"twitter:data1\" content=\"2 minutos\" \/>\n<script type=\"application\/ld+json\" class=\"yoast-schema-graph\">{\"@context\":\"https:\\\/\\\/schema.org\",\"@graph\":[{\"@type\":\"WebPage\",\"@id\":\"https:\\\/\\\/fseal.com\\\/pt-br\\\/produtos-fseal\\\/flanges-industriais\\\/\",\"url\":\"https:\\\/\\\/fseal.com\\\/pt-br\\\/produtos-fseal\\\/flanges-industriais\\\/\",\"name\":\"FLANGES - Juntas FlexSeal\",\"isPartOf\":{\"@id\":\"https:\\\/\\\/fseal.com\\\/pt-br\\\/#website\"},\"datePublished\":\"2025-06-01T23:35:24+00:00\",\"dateModified\":\"2025-06-11T18:20:35+00:00\",\"description\":\"Flanges industriais em diversos materiais e normas: API, AWWA, ANSI. Tipos Welding Neck, Slip-On, cegas e mais. Alta durabilidade. Argentina.\",\"breadcrumb\":{\"@id\":\"https:\\\/\\\/fseal.com\\\/pt-br\\\/produtos-fseal\\\/flanges-industriais\\\/#breadcrumb\"},\"inLanguage\":\"pt-BR\",\"potentialAction\":[{\"@type\":\"ReadAction\",\"target\":[\"https:\\\/\\\/fseal.com\\\/pt-br\\\/produtos-fseal\\\/flanges-industriais\\\/\"]}]},{\"@type\":\"BreadcrumbList\",\"@id\":\"https:\\\/\\\/fseal.com\\\/pt-br\\\/produtos-fseal\\\/flanges-industriais\\\/#breadcrumb\",\"itemListElement\":[{\"@type\":\"ListItem\",\"position\":1,\"name\":\"Portada\",\"item\":\"https:\\\/\\\/fseal.com\\\/pt-br\\\/inicio\\\/\"},{\"@type\":\"ListItem\",\"position\":2,\"name\":\"Produtos\",\"item\":\"https:\\\/\\\/fseal.com\\\/pt-br\\\/produtos-fseal\\\/\"},{\"@type\":\"ListItem\",\"position\":3,\"name\":\"FLANGES\"}]},{\"@type\":\"WebSite\",\"@id\":\"https:\\\/\\\/fseal.com\\\/pt-br\\\/#website\",\"url\":\"https:\\\/\\\/fseal.com\\\/pt-br\\\/\",\"name\":\"Juntas FlexSeal\",\"description\":\"Fabricantes de productos para Sellado de Fluidos (Estanqueidad), Juntas para Bridas, Diel\u00e9ctricas, RTJ, FLEXPACK, Kits de Aislamiento, Teflon Expandido SEALON, Empaques Espiromet\u00e1licos :: Buenos Aires, Argentina\",\"potentialAction\":[{\"@type\":\"SearchAction\",\"target\":{\"@type\":\"EntryPoint\",\"urlTemplate\":\"https:\\\/\\\/fseal.com\\\/pt-br\\\/?s={search_term_string}\"},\"query-input\":{\"@type\":\"PropertyValueSpecification\",\"valueRequired\":true,\"valueName\":\"search_term_string\"}}],\"inLanguage\":\"pt-BR\"}]}<\/script>\n<!-- \/ Yoast SEO plugin. -->","yoast_head_json":{"title":"FLANGES - Juntas FlexSeal","description":"Flanges industriais em diversos materiais e normas: API, AWWA, ANSI. Tipos Welding Neck, Slip-On, cegas e mais. Alta durabilidade. Argentina.","robots":{"index":"index","follow":"follow","max-snippet":"max-snippet:-1","max-image-preview":"max-image-preview:large","max-video-preview":"max-video-preview:-1"},"canonical":"https:\/\/fseal.com\/pt-br\/produtos-fseal\/flanges-industriais\/","og_locale":"pt_BR","og_type":"article","og_title":"FLANGES - Juntas FlexSeal","og_description":"Flanges industriais em diversos materiais e normas: API, AWWA, ANSI. Tipos Welding Neck, Slip-On, cegas e mais. Alta durabilidade. Argentina.","og_url":"https:\/\/fseal.com\/pt-br\/produtos-fseal\/flanges-industriais\/","og_site_name":"Juntas FlexSeal","article_modified_time":"2025-06-11T18:20:35+00:00","twitter_misc":{"Est. tempo de leitura":"2 minutos"},"schema":{"@context":"https:\/\/schema.org","@graph":[{"@type":"WebPage","@id":"https:\/\/fseal.com\/pt-br\/produtos-fseal\/flanges-industriais\/","url":"https:\/\/fseal.com\/pt-br\/produtos-fseal\/flanges-industriais\/","name":"FLANGES - Juntas FlexSeal","isPartOf":{"@id":"https:\/\/fseal.com\/pt-br\/#website"},"datePublished":"2025-06-01T23:35:24+00:00","dateModified":"2025-06-11T18:20:35+00:00","description":"Flanges industriais em diversos materiais e normas: API, AWWA, ANSI. Tipos Welding Neck, Slip-On, cegas e mais. Alta durabilidade. Argentina.","breadcrumb":{"@id":"https:\/\/fseal.com\/pt-br\/produtos-fseal\/flanges-industriais\/#breadcrumb"},"inLanguage":"pt-BR","potentialAction":[{"@type":"ReadAction","target":["https:\/\/fseal.com\/pt-br\/produtos-fseal\/flanges-industriais\/"]}]},{"@type":"BreadcrumbList","@id":"https:\/\/fseal.com\/pt-br\/produtos-fseal\/flanges-industriais\/#breadcrumb","itemListElement":[{"@type":"ListItem","position":1,"name":"Portada","item":"https:\/\/fseal.com\/pt-br\/inicio\/"},{"@type":"ListItem","position":2,"name":"Produtos","item":"https:\/\/fseal.com\/pt-br\/produtos-fseal\/"},{"@type":"ListItem","position":3,"name":"FLANGES"}]},{"@type":"WebSite","@id":"https:\/\/fseal.com\/pt-br\/#website","url":"https:\/\/fseal.com\/pt-br\/","name":"Juntas FlexSeal","description":"Fabricantes de productos para Sellado de Fluidos (Estanqueidad), Juntas para Bridas, Diel\u00e9ctricas, RTJ, FLEXPACK, Kits de Aislamiento, Teflon Expandido SEALON, Empaques Espiromet\u00e1licos :: Buenos Aires, Argentina","potentialAction":[{"@type":"SearchAction","target":{"@type":"EntryPoint","urlTemplate":"https:\/\/fseal.com\/pt-br\/?s={search_term_string}"},"query-input":{"@type":"PropertyValueSpecification","valueRequired":true,"valueName":"search_term_string"}}],"inLanguage":"pt-BR"}]}},"_links":{"self":[{"href":"https:\/\/fseal.com\/pt-br\/wp-json\/wp\/v2\/pages\/8894","targetHints":{"allow":["GET"]}}],"collection":[{"href":"https:\/\/fseal.com\/pt-br\/wp-json\/wp\/v2\/pages"}],"about":[{"href":"https:\/\/fseal.com\/pt-br\/wp-json\/wp\/v2\/types\/page"}],"author":[{"embeddable":true,"href":"https:\/\/fseal.com\/pt-br\/wp-json\/wp\/v2\/users\/6"}],"replies":[{"embeddable":true,"href":"https:\/\/fseal.com\/pt-br\/wp-json\/wp\/v2\/comments?post=8894"}],"version-history":[{"count":9,"href":"https:\/\/fseal.com\/pt-br\/wp-json\/wp\/v2\/pages\/8894\/revisions"}],"predecessor-version":[{"id":9228,"href":"https:\/\/fseal.com\/pt-br\/wp-json\/wp\/v2\/pages\/8894\/revisions\/9228"}],"up":[{"embeddable":true,"href":"https:\/\/fseal.com\/pt-br\/wp-json\/wp\/v2\/pages\/6657"}],"wp:attachment":[{"href":"https:\/\/fseal.com\/pt-br\/wp-json\/wp\/v2\/media?parent=8894"}],"curies":[{"name":"wp","href":"https:\/\/api.w.org\/{rel}","templated":true}]}}